{"id":18241,"date":"2019-04-03T11:00:00","date_gmt":"2019-04-03T09:00:00","guid":{"rendered":"https:\/\/www.laposturale.com\/product\/tavola-piedi\/"},"modified":"2024-09-09T12:08:53","modified_gmt":"2024-09-09T10:08:53","slug":"planche-pieds","status":"publish","type":"product","link":"https:\/\/www.laposturale.com\/fr\/produit\/planche-pieds\/","title":{"rendered":"Planche Pieds"},"content":{"rendered":"<div class=\"page\" title=\"Page 2\">\n<div class=\"section\">\n<div class=\"layoutArea\">\n<div class=\"column\">\n<h3>Planche Pieds<\/h3>\n<p>Le <strong>Planche Pieds<\/strong> est un accessoire du <strong>banc postural<\/strong> utilis\u00e9 pour la traction des membres inf\u00e9rieurs.<\/p>\n<p>Il se compose d&rsquo;une planche de bois en forme de \u00ab contreplaqu\u00e9 de bouleau \u00bb, sur laquelle est coll\u00e9e une bande de tissu avec des sangles m\u00e2le et femelle pour relier facilement la planche aux pieds. Une bande \u00e9lastique de 35 mm d&rsquo;une longueur de 200 cm est \u00e9galement incluse dans l&#8217;emballage pour effectuer les tractions.<\/p>\n<p>&nbsp;<\/p>\n<p><strong>Mat\u00e9riaux<\/strong><\/p>\n<p><strong>Bois<\/strong> : contreplaqu\u00e9 de bouleau.<br \/>\n<strong>\u00c9lastique<\/strong> : 35 mm.<br \/>\n<strong>Ancrage<\/strong> : sangle m\u00e2le\/femelle de 50 mm.<\/p>\n<\/div>\n<\/div>\n<\/div>\n<\/div>\n","protected":false},"excerpt":{"rendered":"<p>Le <strong>PLANCHE PIEDS<\/strong> est un accessoire utilis\u00e9 pour la traction des membres inf\u00e9rieurs. Une bande \u00e9lastique est incluse pour la r\u00e9alisation des exercices.<\/p>\n","protected":false},"featured_media":18242,"comment_status":"open","ping_status":"closed","template":"","meta":[],"product_brand":[],"product_cat":[546],"product_tag":[548,550,552,572],"class_list":{"0":"post-18241","1":"product","2":"type-product","3":"status-publish","4":"has-post-thumbnail","6":"product_cat-accessoires-pour-banc-postural-fr","7":"product_tag-accessoires-pour-banc-postural-fr","8":"product_tag-exercices-fr","9":"product_tag-rehabilitation-fr","10":"product_tag-tavola-piedi-fr","12":"first","13":"instock","14":"purchasable","15":"product-type-simple"},"_links":{"self":[{"href":"https:\/\/www.laposturale.com\/fr\/wp-json\/wp\/v2\/product\/18241","targetHints":{"allow":["GET"]}}],"collection":[{"href":"https:\/\/www.laposturale.com\/fr\/wp-json\/wp\/v2\/product"}],"about":[{"href":"https:\/\/www.laposturale.com\/fr\/wp-json\/wp\/v2\/types\/product"}],"replies":[{"embeddable":true,"href":"https:\/\/www.laposturale.com\/fr\/wp-json\/wp\/v2\/comments?post=18241"}],"version-history":[{"count":2,"href":"https:\/\/www.laposturale.com\/fr\/wp-json\/wp\/v2\/product\/18241\/revisions"}],"predecessor-version":[{"id":18247,"href":"https:\/\/www.laposturale.com\/fr\/wp-json\/wp\/v2\/product\/18241\/revisions\/18247"}],"wp:featuredmedia":[{"embeddable":true,"href":"https:\/\/www.laposturale.com\/fr\/wp-json\/wp\/v2\/media\/18242"}],"wp:attachment":[{"href":"https:\/\/www.laposturale.com\/fr\/wp-json\/wp\/v2\/media?parent=18241"}],"wp:term":[{"taxonomy":"product_brand","embeddable":true,"href":"https:\/\/www.laposturale.com\/fr\/wp-json\/wp\/v2\/product_brand?post=18241"},{"taxonomy":"product_cat","embeddable":true,"href":"https:\/\/www.laposturale.com\/fr\/wp-json\/wp\/v2\/product_cat?post=18241"},{"taxonomy":"product_tag","embeddable":true,"href":"https:\/\/www.laposturale.com\/fr\/wp-json\/wp\/v2\/product_tag?post=18241"}],"curies":[{"name":"wp","href":"https:\/\/api.w.org\/{rel}","templated":true}]}}