{"id":18096,"date":"2019-04-05T10:14:31","date_gmt":"2019-04-05T08:14:31","guid":{"rendered":"https:\/\/www.laposturale.com\/product\/pancabag\/"},"modified":"2025-01-23T10:46:58","modified_gmt":"2025-01-23T09:46:58","slug":"pancabag","status":"publish","type":"product","link":"https:\/\/www.laposturale.com\/fr\/produit\/pancabag\/","title":{"rendered":"Pancabag"},"content":{"rendered":"\t\t<div data-elementor-type=\"wp-post\" data-elementor-id=\"18096\" class=\"elementor elementor-18096 elementor-10191\">\n\t\t\t\t<div class=\"wd-negative-gap elementor-element elementor-element-1726d1d0 e-flex e-con-boxed e-con e-parent\" data-id=\"1726d1d0\" data-element_type=\"container\" data-e-type=\"container\">\n\t\t\t\t\t<div class=\"e-con-inner\">\n\t\t\t\t<div class=\"elementor-element elementor-element-22b4679f color-scheme-inherit text-left elementor-widget elementor-widget-text-editor\" data-id=\"22b4679f\" data-element_type=\"widget\" data-e-type=\"widget\" data-widget_type=\"text-editor.default\">\n\t\t\t\t<div class=\"elementor-widget-container\">\n\t\t\t\t\t\t\t\t\t<h3>Pancabag<\/h3><p>Le <strong>Pancabag<\/strong> est un conteneur en bois de bouleau (contreplaqu\u00e9) dont la fonction principale est de maintenir le Postural Bench au-dessus du sol, tout en \u00e9tant \u00e9quip\u00e9 de deux conteneurs lat\u00e9raux avec une porte \u00e0 fermeture \u00e0 charni\u00e8re recouverte d&rsquo;\u00e9co-cuir de la m\u00eame couleur que le banc.<br \/>un compartiment central compos\u00e9 d&rsquo;un tiroir, de deux compartiments ouverts et de deux tablettes coulissantes pour soutenir les mains lors de l&rsquo;utilisation du banc.<br \/>Les deux conteneurs lat\u00e9raux reposent sur le sol gr\u00e2ce \u00e0 des pieds fixes en plastique ; lorsqu&rsquo;ils reposent sur le sol, ils maintiennent le Pancabag immobile. Ils se replient sur le conteneur central \u00e0 l&rsquo;aide de charni\u00e8res en laiton ; lorsqu&rsquo;ils sont repli\u00e9s sur le conteneur central, ils maintiennent le banc postural en place.<br \/>Le conteneur central est \u00e9quip\u00e9 de roues pour faciliter son d\u00e9placement lorsqu&rsquo;il n&rsquo;est pas utilis\u00e9, et les deux conteneurs lat\u00e9raux se replient de la m\u00eame mani\u00e8re.<\/p><h4>Mat\u00e9riaux<\/h4><ul><li><strong>Bois<\/strong> : contreplaqu\u00e9 de bouleau 11 couches de 15 mm d&rsquo;\u00e9paisseur<\/li><li><strong>Cuir<\/strong> : cuir artificiel de couleur PVC.<\/li><li><strong>Quincaillerie<\/strong> : acier chrom\u00e9.<\/li><li><strong>Pieds et roulettes<\/strong> : plastique et acier.<\/li><li><strong>Charni\u00e8res<\/strong> : laiton<\/li><\/ul><h4>Mesures et poids<\/h4><ul><li><strong>Ouvert<\/strong> : 40,5 cm, profondeur 37,5 cm (avec \u00e9tag\u00e8res ferm\u00e9es) 69,5 cm (avec \u00e9tag\u00e8res ouvertes)<\/li><li><strong>Ferm\u00e9<\/strong> : Hauteur 83 cm (sans banc postural) 157 cm (avec banc postural), Profondeur 37,5 cm, Longueur 101 cm.<\/li><li><strong>Poids<\/strong> : 48 kg<\/li><\/ul>\t\t\t\t\t\t\t\t<\/div>\n\t\t\t\t<\/div>\n\t\t\t\t\t<\/div>\n\t\t\t\t<\/div>\n\t\t<div class=\"wd-negative-gap elementor-element elementor-element-3c980d1 e-flex e-con-boxed e-con e-parent\" data-id=\"3c980d1\" data-element_type=\"container\" data-e-type=\"container\">\n\t\t\t\t\t<div class=\"e-con-inner\">\n\t\t<div class=\"elementor-element elementor-element-c5c79af e-con-full e-flex e-con e-child\" data-id=\"c5c79af\" data-element_type=\"container\" data-e-type=\"container\">\n\t\t\t\t<div class=\"elementor-element elementor-element-7de4d90 elementor-widget elementor-widget-wd_text_block\" data-id=\"7de4d90\" data-element_type=\"widget\" data-e-type=\"widget\" data-widget_type=\"wd_text_block.default\">\n\t\t\t\t<div class=\"elementor-widget-container\">\n\t\t\t\t\t\t\t<div class=\"wd-text-block reset-last-child text-left\">\n\t\t\t\n\t\t\t<h4>VID\u00c9O DE MONTAGE ET D'UTILISATION<\/h4>\n\t\t\t\t\t<\/div>\n\t\t\t\t\t\t<\/div>\n\t\t\t\t<\/div>\n\t\t\t\t<div class=\"elementor-element elementor-element-dc6c54c elementor-widget elementor-widget-video\" data-id=\"dc6c54c\" data-element_type=\"widget\" data-e-type=\"widget\" data-settings=\"{&quot;youtube_url&quot;:&quot;https:\\\/\\\/www.youtube.com\\\/watch?v=tOc8Ers61P8&quot;,&quot;show_image_overlay&quot;:&quot;yes&quot;,&quot;image_overlay&quot;:{&quot;url&quot;:&quot;https:\\\/\\\/www.laposturale.com\\\/wp-content\\\/uploads\\\/2019\\\/04\\\/thumg-video-pancabag-montaggio-e-utilizzo-laposturale.jpg&quot;,&quot;id&quot;:17159,&quot;size&quot;:&quot;&quot;,&quot;alt&quot;:&quot;&quot;,&quot;source&quot;:&quot;library&quot;},&quot;lightbox&quot;:&quot;yes&quot;,&quot;video_type&quot;:&quot;youtube&quot;,&quot;controls&quot;:&quot;yes&quot;}\" data-widget_type=\"video.default\">\n\t\t\t\t<div class=\"elementor-widget-container\">\n\t\t\t\t\t\t\t<div class=\"elementor-wrapper elementor-open-lightbox\">\n\t\t\t\t\t\t\t<div class=\"elementor-custom-embed-image-overlay\" data-elementor-open-lightbox=\"yes\" data-elementor-lightbox=\"{&quot;type&quot;:&quot;video&quot;,&quot;videoType&quot;:&quot;youtube&quot;,&quot;url&quot;:&quot;https:\\\/\\\/www.youtube.com\\\/embed\\\/tOc8Ers61P8?feature=oembed&amp;start&amp;end&amp;wmode=opaque&amp;loop=0&amp;controls=1&amp;mute=0&amp;rel=0&amp;cc_load_policy=0&quot;,&quot;autoplay&quot;:&quot;&quot;,&quot;modalOptions&quot;:{&quot;id&quot;:&quot;elementor-lightbox-dc6c54c&quot;,&quot;entranceAnimation&quot;:&quot;&quot;,&quot;entranceAnimation_tablet&quot;:&quot;&quot;,&quot;entranceAnimation_mobile&quot;:&quot;&quot;,&quot;videoAspectRatio&quot;:&quot;169&quot;}}\" data-e-action-hash=\"#elementor-action%3Aaction%3Dlightbox%26settings%3DeyJ0eXBlIjoidmlkZW8iLCJ2aWRlb1R5cGUiOiJ5b3V0dWJlIiwidXJsIjoiaHR0cHM6XC9cL3d3dy55b3V0dWJlLmNvbVwvZW1iZWRcL3RPYzhFcnM2MVA4P2ZlYXR1cmU9b2VtYmVkJnN0YXJ0JmVuZCZ3bW9kZT1vcGFxdWUmbG9vcD0wJmNvbnRyb2xzPTEmbXV0ZT0wJnJlbD0wJmNjX2xvYWRfcG9saWN5PTAiLCJhdXRvcGxheSI6IiIsIm1vZGFsT3B0aW9ucyI6eyJpZCI6ImVsZW1lbnRvci1saWdodGJveC1kYzZjNTRjIiwiZW50cmFuY2VBbmltYXRpb24iOiIiLCJlbnRyYW5jZUFuaW1hdGlvbl90YWJsZXQiOiIiLCJlbnRyYW5jZUFuaW1hdGlvbl9tb2JpbGUiOiIiLCJ2aWRlb0FzcGVjdFJhdGlvIjoiMTY5In19\">\n\t\t\t\t\t\t\t\t\t\t\t<img loading=\"lazy\" decoding=\"async\" width=\"1300\" height=\"697\" src=\"https:\/\/www.laposturale.com\/wp-content\/uploads\/2019\/04\/thumg-video-pancabag-montaggio-e-utilizzo-laposturale.jpg\" class=\"attachment-large size-large wp-image-17159\" alt=\"\" srcset=\"https:\/\/www.laposturale.com\/wp-content\/uploads\/2019\/04\/thumg-video-pancabag-montaggio-e-utilizzo-laposturale.jpg 1300w, https:\/\/www.laposturale.com\/wp-content\/uploads\/2019\/04\/thumg-video-pancabag-montaggio-e-utilizzo-laposturale-400x214.jpg 400w, https:\/\/www.laposturale.com\/wp-content\/uploads\/2019\/04\/thumg-video-pancabag-montaggio-e-utilizzo-laposturale-768x412.jpg 768w, https:\/\/www.laposturale.com\/wp-content\/uploads\/2019\/04\/thumg-video-pancabag-montaggio-e-utilizzo-laposturale-860x461.jpg 860w, https:\/\/www.laposturale.com\/wp-content\/uploads\/2019\/04\/thumg-video-pancabag-montaggio-e-utilizzo-laposturale-430x231.jpg 430w, https:\/\/www.laposturale.com\/wp-content\/uploads\/2019\/04\/thumg-video-pancabag-montaggio-e-utilizzo-laposturale-700x375.jpg 700w, https:\/\/www.laposturale.com\/wp-content\/uploads\/2019\/04\/thumg-video-pancabag-montaggio-e-utilizzo-laposturale-150x80.jpg 150w\" sizes=\"auto, (max-width: 1300px) 100vw, 1300px\" \/>\t\t\t\t\t\t\t\t\t\t\t\t\t\t\t\t<div class=\"elementor-custom-embed-play\" role=\"button\" aria-label=\"Lire la vid\u00e9o\" tabindex=\"0\">\n\t\t\t\t\t\t\t<svg aria-hidden=\"true\" class=\"e-font-icon-svg e-eicon-play\" viewBox=\"0 0 1000 1000\" xmlns=\"http:\/\/www.w3.org\/2000\/svg\"><path d=\"M838 162C746 71 633 25 500 25 371 25 258 71 163 162 71 254 25 367 25 500 25 633 71 746 163 837 254 929 367 979 500 979 633 979 746 933 838 837 929 746 975 633 975 500 975 367 929 254 838 162M808 192C892 279 933 379 933 500 933 621 892 725 808 808 725 892 621 938 500 938 379 938 279 896 196 808 113 725 67 621 67 500 67 379 108 279 196 192 279 108 383 62 500 62 621 62 721 108 808 192M438 392V642L642 517 438 392Z\"><\/path><\/svg>\t\t\t\t\t\t<\/div>\n\t\t\t\t\t\t\t\t\t<\/div>\n\t\t\t\t\t<\/div>\n\t\t\t\t\t\t<\/div>\n\t\t\t\t<\/div>\n\t\t\t\t<\/div>\n\t\t<div class=\"elementor-element elementor-element-8294224 e-con-full e-flex e-con e-child\" data-id=\"8294224\" data-element_type=\"container\" data-e-type=\"container\">\n\t\t\t\t<\/div>\n\t\t\t\t\t<\/div>\n\t\t\t\t<\/div>\n\t\t\t\t<\/div>\n\t\t","protected":false},"excerpt":{"rendered":"<p>La fonction principale du <strong>PANCABAG<\/strong> est de maintenir le banc postural au-dessus du sol. Il est \u00e9quip\u00e9 de roues<br \/>\nLe banc postural n&rsquo;est pas inclus dans le prix ; il doit \u00eatre achet\u00e9 s\u00e9par\u00e9ment.<\/p>\n","protected":false},"featured_media":10203,"comment_status":"open","ping_status":"closed","template":"","meta":[],"product_brand":[],"product_cat":[546,537,547],"product_tag":[548,538,549,550],"class_list":{"0":"post-18096","1":"product","2":"type-product","3":"status-publish","4":"has-post-thumbnail","6":"product_cat-accessoires-pour-banc-postural-fr","7":"product_cat-banc-postural-fr","8":"product_cat-pancabag-fr","9":"product_tag-accessoires-pour-banc-postural-fr","10":"product_tag-banc-postural-fr","11":"product_tag-conteneur-fr","12":"product_tag-exercices-fr","14":"first","15":"instock","16":"purchasable","17":"product-type-variable"},"_links":{"self":[{"href":"https:\/\/www.laposturale.com\/fr\/wp-json\/wp\/v2\/product\/18096","targetHints":{"allow":["GET"]}}],"collection":[{"href":"https:\/\/www.laposturale.com\/fr\/wp-json\/wp\/v2\/product"}],"about":[{"href":"https:\/\/www.laposturale.com\/fr\/wp-json\/wp\/v2\/types\/product"}],"replies":[{"embeddable":true,"href":"https:\/\/www.laposturale.com\/fr\/wp-json\/wp\/v2\/comments?post=18096"}],"version-history":[{"count":5,"href":"https:\/\/www.laposturale.com\/fr\/wp-json\/wp\/v2\/product\/18096\/revisions"}],"predecessor-version":[{"id":18465,"href":"https:\/\/www.laposturale.com\/fr\/wp-json\/wp\/v2\/product\/18096\/revisions\/18465"}],"wp:featuredmedia":[{"embeddable":true,"href":"https:\/\/www.laposturale.com\/fr\/wp-json\/wp\/v2\/media\/10203"}],"wp:attachment":[{"href":"https:\/\/www.laposturale.com\/fr\/wp-json\/wp\/v2\/media?parent=18096"}],"wp:term":[{"taxonomy":"product_brand","embeddable":true,"href":"https:\/\/www.laposturale.com\/fr\/wp-json\/wp\/v2\/product_brand?post=18096"},{"taxonomy":"product_cat","embeddable":true,"href":"https:\/\/www.laposturale.com\/fr\/wp-json\/wp\/v2\/product_cat?post=18096"},{"taxonomy":"product_tag","embeddable":true,"href":"https:\/\/www.laposturale.com\/fr\/wp-json\/wp\/v2\/product_tag?post=18096"}],"curies":[{"name":"wp","href":"https:\/\/api.w.org\/{rel}","templated":true}]}}