{"id":18019,"date":"2019-04-13T13:55:05","date_gmt":"2019-04-13T11:55:05","guid":{"rendered":"https:\/\/www.laposturale.com\/product\/panca-in-legno-posturale-a-terra\/"},"modified":"2025-01-23T10:50:16","modified_gmt":"2025-01-23T09:50:16","slug":"banc-postural-standard-en-bois-au-sol","status":"publish","type":"product","link":"https:\/\/www.laposturale.com\/fr\/produit\/banc-postural-standard-en-bois-au-sol\/","title":{"rendered":"Banc Postural Standard en Bois au Sol"},"content":{"rendered":"\t\t<div data-elementor-type=\"wp-post\" data-elementor-id=\"18019\" class=\"elementor elementor-18019 elementor-4752\">\n\t\t\t\t<div class=\"wd-negative-gap elementor-element elementor-element-1a59fda8 e-flex e-con-boxed e-con e-parent\" data-id=\"1a59fda8\" data-element_type=\"container\" data-e-type=\"container\">\n\t\t\t\t\t<div class=\"e-con-inner\">\n\t\t\t\t<div class=\"elementor-element elementor-element-15811df7 color-scheme-inherit text-left elementor-widget elementor-widget-text-editor\" data-id=\"15811df7\" data-element_type=\"widget\" data-e-type=\"widget\" data-widget_type=\"text-editor.default\">\n\t\t\t\t<div class=\"elementor-widget-container\">\n\t\t\t\t\t\t\t\t\t<h3>Banc postural standard en bois au sol, avec coussin et repose-jambes inclus.<\/h3><p>Le BANC POSTURAL r\u00e9\u00e9quilibre votre posture facilement et en tr\u00e8s peu de temps.<br \/>Il redonne bien-\u00eatre et libert\u00e9 \u00e0 l&rsquo;ensemble du corps.<\/p><h4>ALLONGEMENT MUSCULAIRE GLOBAL D\u00c9COMPENS\u00c9<\/h4><p>Le banc postural am\u00e9liore la posture et la condition physique en agissant sur les raideurs et les tensions musculaires.<br \/>Il peut agir indirectement sur les pathologies suivantes : blocages respiratoires, stases veineuses et lymphatiques, hypotonie musculaire, algies en g\u00e9n\u00e9ral, c\u00e9phal\u00e9es myotensives, arthrose de la hanche, arthrose cervicale, arthrose lombaire, arthrose du genou, cervicalgies, hernies discales, hernies jat\u00e9rales, lombalgies, lombosciatiques, etc.<br \/>Il agit car il \u00e9tire les muscles tendus ou r\u00e9tract\u00e9s par un travail asym\u00e9trique et global. Chaque fois qu&rsquo;il est utilis\u00e9, le corps adopte imm\u00e9diatement une position et une attitude plus correctes.<br \/>Elle est utile \u00e0 ceux qui souffrent de probl\u00e8mes circulatoires, \u00e0 ceux qui veulent am\u00e9liorer leur respiration, aux jeunes pour corriger les attitudes g\u00e2ch\u00e9es par les mauvaises postures \u00e0 l&rsquo;\u00e9cole et le poids des sacs \u00e0 dos, aux athl\u00e8tes professionnels ou aux sportifs du dimanche, pour r\u00e9tablir l&rsquo;\u00e9quilibre apr\u00e8s l&rsquo;activit\u00e9.<br \/>Une bonne posture corporelle permet d&rsquo;am\u00e9liorer les performances et de r\u00e9duire les blessures. En diminuant les tensions musculaires et les courbatures, on cr\u00e9e une situation d&rsquo;harmonie, de bien-\u00eatre, d&rsquo;envie de bouger et de mieux affronter la vie. C&rsquo;est aussi un excellent moyen de relaxation anti-stress.<br \/><strong>IL N&rsquo;Y A PAS DE LIMITE D&rsquo;\u00c2GE NI DE CONTRE-INDICATION D&rsquo;UTILISATION.<\/strong><br \/><strong>IL EST RECOMMAND\u00c9 D&rsquo;\u00caTRE SUIVI PAR UN ENTRA\u00ceNEUR PERSONNEL<\/strong><br \/>Le banc postural est fourni avec un coussin pour la nuque et une bande de blocage pour les jambes. La couleur du coussin bandeau n&rsquo;est qu&rsquo;une indication.<\/p><p><img loading=\"lazy\" decoding=\"async\" class=\"wp-image-10578 size-thumbnail alignnone\" src=\"https:\/\/www.laposturale.com\/wp-content\/uploads\/2021\/04\/panca-brevettata-150x150.png\" alt=\"\" width=\"150\" height=\"150\" srcset=\"https:\/\/www.laposturale.com\/wp-content\/uploads\/2021\/04\/panca-brevettata-150x150.png 150w, https:\/\/www.laposturale.com\/wp-content\/uploads\/2021\/04\/panca-brevettata.png 300w, https:\/\/www.laposturale.com\/wp-content\/uploads\/2021\/04\/panca-brevettata-100x100.png 100w\" sizes=\"auto, (max-width: 150px) 100vw, 150px\" \/><\/p>\t\t\t\t\t\t\t\t<\/div>\n\t\t\t\t<\/div>\n\t\t\t\t\t<\/div>\n\t\t\t\t<\/div>\n\t\t<div class=\"wd-negative-gap elementor-element elementor-element-c16fb8c e-flex e-con-boxed e-con e-parent\" data-id=\"c16fb8c\" data-element_type=\"container\" data-e-type=\"container\">\n\t\t\t\t\t<div class=\"e-con-inner\">\n\t\t<div class=\"elementor-element elementor-element-e98a378 e-con-full e-flex e-con e-child\" data-id=\"e98a378\" data-element_type=\"container\" data-e-type=\"container\">\n\t\t\t\t<div class=\"elementor-element elementor-element-2d10306 elementor-widget elementor-widget-wd_text_block\" data-id=\"2d10306\" data-element_type=\"widget\" data-e-type=\"widget\" data-widget_type=\"wd_text_block.default\">\n\t\t\t\t<div class=\"elementor-widget-container\">\n\t\t\t\t\t\t\t<div class=\"wd-text-block reset-last-child text-left\">\n\t\t\t\n\t\t\t<h4>PR\u00c9SENTATION VID\u00c9O<\/h4>\n\t\t\t\t\t<\/div>\n\t\t\t\t\t\t<\/div>\n\t\t\t\t<\/div>\n\t\t\t\t<div class=\"elementor-element elementor-element-ad05abd elementor-widget elementor-widget-video\" data-id=\"ad05abd\" data-element_type=\"widget\" data-e-type=\"widget\" data-settings=\"{&quot;youtube_url&quot;:&quot;https:\\\/\\\/www.youtube.com\\\/watch?v=LMDdhMEVdwM&amp;ab_channel=LaPosturale&quot;,&quot;show_image_overlay&quot;:&quot;yes&quot;,&quot;image_overlay&quot;:{&quot;url&quot;:&quot;https:\\\/\\\/www.laposturale.com\\\/wp-content\\\/uploads\\\/2019\\\/04\\\/panca-posturale-thumb-video-presentazione.jpg&quot;,&quot;id&quot;:17072,&quot;size&quot;:&quot;&quot;,&quot;alt&quot;:&quot;&quot;,&quot;source&quot;:&quot;library&quot;},&quot;lightbox&quot;:&quot;yes&quot;,&quot;video_type&quot;:&quot;youtube&quot;,&quot;controls&quot;:&quot;yes&quot;}\" data-widget_type=\"video.default\">\n\t\t\t\t<div class=\"elementor-widget-container\">\n\t\t\t\t\t\t\t<div class=\"elementor-wrapper elementor-open-lightbox\">\n\t\t\t\t\t\t\t<div class=\"elementor-custom-embed-image-overlay\" data-elementor-open-lightbox=\"yes\" data-elementor-lightbox=\"{&quot;type&quot;:&quot;video&quot;,&quot;videoType&quot;:&quot;youtube&quot;,&quot;url&quot;:&quot;https:\\\/\\\/www.youtube.com\\\/embed\\\/LMDdhMEVdwM?feature=oembed&amp;start&amp;end&amp;wmode=opaque&amp;loop=0&amp;controls=1&amp;mute=0&amp;rel=0&amp;cc_load_policy=0&quot;,&quot;autoplay&quot;:&quot;&quot;,&quot;modalOptions&quot;:{&quot;id&quot;:&quot;elementor-lightbox-ad05abd&quot;,&quot;entranceAnimation&quot;:&quot;&quot;,&quot;entranceAnimation_tablet&quot;:&quot;&quot;,&quot;entranceAnimation_mobile&quot;:&quot;&quot;,&quot;videoAspectRatio&quot;:&quot;169&quot;}}\" data-e-action-hash=\"#elementor-action%3Aaction%3Dlightbox%26settings%3DeyJ0eXBlIjoidmlkZW8iLCJ2aWRlb1R5cGUiOiJ5b3V0dWJlIiwidXJsIjoiaHR0cHM6XC9cL3d3dy55b3V0dWJlLmNvbVwvZW1iZWRcL0xNRGRoTUVWZHdNP2ZlYXR1cmU9b2VtYmVkJnN0YXJ0JmVuZCZ3bW9kZT1vcGFxdWUmbG9vcD0wJmNvbnRyb2xzPTEmbXV0ZT0wJnJlbD0wJmNjX2xvYWRfcG9saWN5PTAiLCJhdXRvcGxheSI6IiIsIm1vZGFsT3B0aW9ucyI6eyJpZCI6ImVsZW1lbnRvci1saWdodGJveC1hZDA1YWJkIiwiZW50cmFuY2VBbmltYXRpb24iOiIiLCJlbnRyYW5jZUFuaW1hdGlvbl90YWJsZXQiOiIiLCJlbnRyYW5jZUFuaW1hdGlvbl9tb2JpbGUiOiIiLCJ2aWRlb0FzcGVjdFJhdGlvIjoiMTY5In19\">\n\t\t\t\t\t\t\t\t\t\t\t<img loading=\"lazy\" decoding=\"async\" width=\"1200\" height=\"612\" src=\"https:\/\/www.laposturale.com\/wp-content\/uploads\/2019\/04\/panca-posturale-thumb-video-presentazione.jpg\" class=\"attachment-large size-large wp-image-17072\" alt=\"\" srcset=\"https:\/\/www.laposturale.com\/wp-content\/uploads\/2019\/04\/panca-posturale-thumb-video-presentazione.jpg 1200w, https:\/\/www.laposturale.com\/wp-content\/uploads\/2019\/04\/panca-posturale-thumb-video-presentazione-400x204.jpg 400w, https:\/\/www.laposturale.com\/wp-content\/uploads\/2019\/04\/panca-posturale-thumb-video-presentazione-768x392.jpg 768w, https:\/\/www.laposturale.com\/wp-content\/uploads\/2019\/04\/panca-posturale-thumb-video-presentazione-860x439.jpg 860w, https:\/\/www.laposturale.com\/wp-content\/uploads\/2019\/04\/panca-posturale-thumb-video-presentazione-430x219.jpg 430w, https:\/\/www.laposturale.com\/wp-content\/uploads\/2019\/04\/panca-posturale-thumb-video-presentazione-700x357.jpg 700w, https:\/\/www.laposturale.com\/wp-content\/uploads\/2019\/04\/panca-posturale-thumb-video-presentazione-150x77.jpg 150w\" sizes=\"auto, (max-width: 1200px) 100vw, 1200px\" \/>\t\t\t\t\t\t\t\t\t\t\t\t\t\t\t\t<div class=\"elementor-custom-embed-play\" role=\"button\" aria-label=\"Lire la vid\u00e9o\" tabindex=\"0\">\n\t\t\t\t\t\t\t<svg aria-hidden=\"true\" class=\"e-font-icon-svg e-eicon-play\" viewBox=\"0 0 1000 1000\" xmlns=\"http:\/\/www.w3.org\/2000\/svg\"><path d=\"M838 162C746 71 633 25 500 25 371 25 258 71 163 162 71 254 25 367 25 500 25 633 71 746 163 837 254 929 367 979 500 979 633 979 746 933 838 837 929 746 975 633 975 500 975 367 929 254 838 162M808 192C892 279 933 379 933 500 933 621 892 725 808 808 725 892 621 938 500 938 379 938 279 896 196 808 113 725 67 621 67 500 67 379 108 279 196 192 279 108 383 62 500 62 621 62 721 108 808 192M438 392V642L642 517 438 392Z\"><\/path><\/svg>\t\t\t\t\t\t<\/div>\n\t\t\t\t\t\t\t\t\t<\/div>\n\t\t\t\t\t<\/div>\n\t\t\t\t\t\t<\/div>\n\t\t\t\t<\/div>\n\t\t\t\t<\/div>\n\t\t<div class=\"elementor-element elementor-element-ba62b32 e-con-full e-flex e-con e-child\" data-id=\"ba62b32\" data-element_type=\"container\" data-e-type=\"container\">\n\t\t\t\t<div class=\"elementor-element elementor-element-c38b5ef elementor-widget elementor-widget-wd_text_block\" data-id=\"c38b5ef\" data-element_type=\"widget\" data-e-type=\"widget\" data-widget_type=\"wd_text_block.default\">\n\t\t\t\t<div class=\"elementor-widget-container\">\n\t\t\t\t\t\t\t<div class=\"wd-text-block reset-last-child text-left\">\n\t\t\t\n\t\t\t<h4>OUVERTURE\/FERMETURE VID\u00c9O<\/h4>\n\t\t\t\t\t<\/div>\n\t\t\t\t\t\t<\/div>\n\t\t\t\t<\/div>\n\t\t\t\t<div class=\"elementor-element elementor-element-a24abaf elementor-widget elementor-widget-video\" data-id=\"a24abaf\" data-element_type=\"widget\" data-e-type=\"widget\" data-settings=\"{&quot;youtube_url&quot;:&quot;https:\\\/\\\/www.youtube.com\\\/watch?v=1oINQ0k2Aak&amp;ab_channel=LaPosturale&quot;,&quot;show_image_overlay&quot;:&quot;yes&quot;,&quot;image_overlay&quot;:{&quot;url&quot;:&quot;https:\\\/\\\/www.laposturale.com\\\/wp-content\\\/uploads\\\/2019\\\/04\\\/panca-posturale-thumb-apertura-video-panca-a-terra.jpg&quot;,&quot;id&quot;:17098,&quot;size&quot;:&quot;&quot;,&quot;alt&quot;:&quot;&quot;,&quot;source&quot;:&quot;library&quot;},&quot;lightbox&quot;:&quot;yes&quot;,&quot;video_type&quot;:&quot;youtube&quot;,&quot;controls&quot;:&quot;yes&quot;}\" data-widget_type=\"video.default\">\n\t\t\t\t<div class=\"elementor-widget-container\">\n\t\t\t\t\t\t\t<div class=\"elementor-wrapper elementor-open-lightbox\">\n\t\t\t\t\t\t\t<div class=\"elementor-custom-embed-image-overlay\" data-elementor-open-lightbox=\"yes\" data-elementor-lightbox=\"{&quot;type&quot;:&quot;video&quot;,&quot;videoType&quot;:&quot;youtube&quot;,&quot;url&quot;:&quot;https:\\\/\\\/www.youtube.com\\\/embed\\\/1oINQ0k2Aak?feature=oembed&amp;start&amp;end&amp;wmode=opaque&amp;loop=0&amp;controls=1&amp;mute=0&amp;rel=0&amp;cc_load_policy=0&quot;,&quot;autoplay&quot;:&quot;&quot;,&quot;modalOptions&quot;:{&quot;id&quot;:&quot;elementor-lightbox-a24abaf&quot;,&quot;entranceAnimation&quot;:&quot;&quot;,&quot;entranceAnimation_tablet&quot;:&quot;&quot;,&quot;entranceAnimation_mobile&quot;:&quot;&quot;,&quot;videoAspectRatio&quot;:&quot;169&quot;}}\" data-e-action-hash=\"#elementor-action%3Aaction%3Dlightbox%26settings%3DeyJ0eXBlIjoidmlkZW8iLCJ2aWRlb1R5cGUiOiJ5b3V0dWJlIiwidXJsIjoiaHR0cHM6XC9cL3d3dy55b3V0dWJlLmNvbVwvZW1iZWRcLzFvSU5RMGsyQWFrP2ZlYXR1cmU9b2VtYmVkJnN0YXJ0JmVuZCZ3bW9kZT1vcGFxdWUmbG9vcD0wJmNvbnRyb2xzPTEmbXV0ZT0wJnJlbD0wJmNjX2xvYWRfcG9saWN5PTAiLCJhdXRvcGxheSI6IiIsIm1vZGFsT3B0aW9ucyI6eyJpZCI6ImVsZW1lbnRvci1saWdodGJveC1hMjRhYmFmIiwiZW50cmFuY2VBbmltYXRpb24iOiIiLCJlbnRyYW5jZUFuaW1hdGlvbl90YWJsZXQiOiIiLCJlbnRyYW5jZUFuaW1hdGlvbl9tb2JpbGUiOiIiLCJ2aWRlb0FzcGVjdFJhdGlvIjoiMTY5In19\">\n\t\t\t\t\t\t\t\t\t\t\t<img loading=\"lazy\" decoding=\"async\" width=\"1200\" height=\"693\" src=\"https:\/\/www.laposturale.com\/wp-content\/uploads\/2019\/04\/panca-posturale-thumb-apertura-video-panca-a-terra.jpg\" class=\"attachment-large size-large wp-image-17098\" alt=\"\" srcset=\"https:\/\/www.laposturale.com\/wp-content\/uploads\/2019\/04\/panca-posturale-thumb-apertura-video-panca-a-terra.jpg 1200w, https:\/\/www.laposturale.com\/wp-content\/uploads\/2019\/04\/panca-posturale-thumb-apertura-video-panca-a-terra-400x231.jpg 400w, https:\/\/www.laposturale.com\/wp-content\/uploads\/2019\/04\/panca-posturale-thumb-apertura-video-panca-a-terra-768x444.jpg 768w, https:\/\/www.laposturale.com\/wp-content\/uploads\/2019\/04\/panca-posturale-thumb-apertura-video-panca-a-terra-860x497.jpg 860w, https:\/\/www.laposturale.com\/wp-content\/uploads\/2019\/04\/panca-posturale-thumb-apertura-video-panca-a-terra-430x248.jpg 430w, https:\/\/www.laposturale.com\/wp-content\/uploads\/2019\/04\/panca-posturale-thumb-apertura-video-panca-a-terra-700x404.jpg 700w, https:\/\/www.laposturale.com\/wp-content\/uploads\/2019\/04\/panca-posturale-thumb-apertura-video-panca-a-terra-150x87.jpg 150w\" sizes=\"auto, (max-width: 1200px) 100vw, 1200px\" \/>\t\t\t\t\t\t\t\t\t\t\t\t\t\t\t\t<div class=\"elementor-custom-embed-play\" role=\"button\" aria-label=\"Lire la vid\u00e9o\" tabindex=\"0\">\n\t\t\t\t\t\t\t<svg aria-hidden=\"true\" class=\"e-font-icon-svg e-eicon-play\" viewBox=\"0 0 1000 1000\" xmlns=\"http:\/\/www.w3.org\/2000\/svg\"><path d=\"M838 162C746 71 633 25 500 25 371 25 258 71 163 162 71 254 25 367 25 500 25 633 71 746 163 837 254 929 367 979 500 979 633 979 746 933 838 837 929 746 975 633 975 500 975 367 929 254 838 162M808 192C892 279 933 379 933 500 933 621 892 725 808 808 725 892 621 938 500 938 379 938 279 896 196 808 113 725 67 621 67 500 67 379 108 279 196 192 279 108 383 62 500 62 621 62 721 108 808 192M438 392V642L642 517 438 392Z\"><\/path><\/svg>\t\t\t\t\t\t<\/div>\n\t\t\t\t\t\t\t\t\t<\/div>\n\t\t\t\t\t<\/div>\n\t\t\t\t\t\t<\/div>\n\t\t\t\t<\/div>\n\t\t\t\t<\/div>\n\t\t\t\t\t<\/div>\n\t\t\t\t<\/div>\n\t\t\t\t<\/div>\n\t\t","protected":false},"excerpt":{"rendered":"<p>Le <strong>BANC POSTURAL<\/strong> am\u00e9liore la posture et la condition physique en agissant sur la rigidit\u00e9 et la tension musculaire.<br \/>\nLe banc postural est fourni avec un <strong>coussin pour la nuque et un repose-jambes<\/strong>.<\/p>\n","protected":false},"featured_media":18908,"comment_status":"open","ping_status":"closed","template":"","meta":[],"product_brand":[],"product_cat":[537],"product_tag":[538],"class_list":{"0":"post-18019","1":"product","2":"type-product","3":"status-publish","4":"has-post-thumbnail","6":"product_cat-banc-postural-fr","7":"product_tag-banc-postural-fr","9":"first","10":"instock","11":"purchasable","12":"product-type-variable"},"_links":{"self":[{"href":"https:\/\/www.laposturale.com\/fr\/wp-json\/wp\/v2\/product\/18019","targetHints":{"allow":["GET"]}}],"collection":[{"href":"https:\/\/www.laposturale.com\/fr\/wp-json\/wp\/v2\/product"}],"about":[{"href":"https:\/\/www.laposturale.com\/fr\/wp-json\/wp\/v2\/types\/product"}],"replies":[{"embeddable":true,"href":"https:\/\/www.laposturale.com\/fr\/wp-json\/wp\/v2\/comments?post=18019"}],"version-history":[{"count":10,"href":"https:\/\/www.laposturale.com\/fr\/wp-json\/wp\/v2\/product\/18019\/revisions"}],"predecessor-version":[{"id":18463,"href":"https:\/\/www.laposturale.com\/fr\/wp-json\/wp\/v2\/product\/18019\/revisions\/18463"}],"wp:featuredmedia":[{"embeddable":true,"href":"https:\/\/www.laposturale.com\/fr\/wp-json\/wp\/v2\/media\/18908"}],"wp:attachment":[{"href":"https:\/\/www.laposturale.com\/fr\/wp-json\/wp\/v2\/media?parent=18019"}],"wp:term":[{"taxonomy":"product_brand","embeddable":true,"href":"https:\/\/www.laposturale.com\/fr\/wp-json\/wp\/v2\/product_brand?post=18019"},{"taxonomy":"product_cat","embeddable":true,"href":"https:\/\/www.laposturale.com\/fr\/wp-json\/wp\/v2\/product_cat?post=18019"},{"taxonomy":"product_tag","embeddable":true,"href":"https:\/\/www.laposturale.com\/fr\/wp-json\/wp\/v2\/product_tag?post=18019"}],"curies":[{"name":"wp","href":"https:\/\/api.w.org\/{rel}","templated":true}]}}