{"id":18333,"date":"2019-03-29T10:59:34","date_gmt":"2019-03-29T09:59:34","guid":{"rendered":"https:\/\/www.laposturale.com\/privacy-policy\/"},"modified":"2024-09-26T09:39:50","modified_gmt":"2024-09-26T07:39:50","slug":"privacy-policy","status":"publish","type":"page","link":"https:\/\/www.laposturale.com\/fr\/privacy-policy\/","title":{"rendered":"Privacy Policy &#038; Cookie"},"content":{"rendered":"<h2>Politique de confidentialit\u00e9 mise \u00e0 jour conform\u00e9ment au R\u00e8glement UE 2016\/679<\/h2>\n<p>Informations sur le traitement des donn\u00e9es personnelles conform\u00e9ment aux articles 13\/15 du R\u00e8glement UE 2016\/679 \u2013 R\u00e8glement Europ\u00e9en sur la protection des donn\u00e9es personnelles.<br \/>Afin de se conformer aux dispositions du R\u00e8glement UE 2016\/679, tout en respectant les principes de transparence et de confidentialit\u00e9 que notre entreprise a toujours appliqu\u00e9s dans le traitement des donn\u00e9es personnelles, nous informons par la pr\u00e9sente tous les clients et fournisseurs des dispositions du R\u00e8glement UE 2016\/679.<\/p>\n<h4>A) Finalit\u00e9s et modalit\u00e9s du traitement des donn\u00e9es :<\/h4>\n<p>Les donn\u00e9es personnelles en possession de notre soci\u00e9t\u00e9 sont collect\u00e9es directement aupr\u00e8s de l&rsquo;int\u00e9ress\u00e9, et l&rsquo;information est fournie \u00e0 l&rsquo;int\u00e9ress\u00e9 au moment de la collecte des donn\u00e9es.<br \/>Les donn\u00e9es personnelles peuvent \u00eatre trait\u00e9es pour:<br \/>1) le respect des obligations pr\u00e9vues par la loi, par des r\u00e8glements et par la l\u00e9gislation communautaire, ou par des dispositions \u00e9mises par des autorit\u00e9s habilit\u00e9es par la loi et par des organes de surveillance et de contr\u00f4le (par exemple, les obligations pr\u00e9vues par la l\u00e9gislation en mati\u00e8re de tenue des comptes clients\/fournisseurs);<br \/>2) la fourniture de produits, de mat\u00e9riel et\/ou de services demand\u00e9s par le client;<br \/>3) des finalit\u00e9s li\u00e9es et fonctionnelles \u00e0 la gestion des relations avec les clients\/fournisseurs, telles que: gestion des devis et des confirmations de commande; \u00e9laboration de statistiques internes; gestion du protocole; gestion des r\u00e9pertoires t\u00e9l\u00e9phoniques et des listes de diffusion; gestion des op\u00e9rations de cr\u00e9dit et\/ou commerciales.<br \/>Le traitement des donn\u00e9es collect\u00e9es se fera principalement par des moyens papiers, mais les donn\u00e9es pourront \u00e9galement \u00eatre archiv\u00e9es et conserv\u00e9es sous forme automatis\u00e9e.<\/p>\n<h4>B) Caract\u00e8re facultatif de la fourniture des donn\u00e9es:<\/h4>\n<p>La communication des donn\u00e9es n&rsquo;est pas obligatoire, mais facultative.<\/p>\n<h4>C) Cons\u00e9quences du refus de fournir les donn\u00e9es:<\/h4>\n<p>La communication des donn\u00e9es, bien qu&rsquo;elle ne soit pas obligatoire par nature, est une condition pr\u00e9alable indispensable \u00e0 l&rsquo;\u00e9tablissement correct de la relation contractuelle. Il est pr\u00e9cis\u00e9 que la non-communication ou la communication incorrecte des donn\u00e9es demand\u00e9es a pour cons\u00e9quence l&rsquo;impossibilit\u00e9 de garantir la conformit\u00e9 du traitement avec les accords pour lesquels il est effectu\u00e9.<br \/>Il est donc dans l&rsquo;int\u00e9r\u00eat commun que tous les clients et\/ou fournisseurs communiquent rapidement \u00e0 l&rsquo;entreprise soussign\u00e9e tout changement dans les donn\u00e9es fournies.<\/p>\n<h4>D) Communication et diffusion:<\/h4>\n<p>Les donn\u00e9es peuvent \u00eatre communiqu\u00e9es (en partie ou en totalit\u00e9) \u00e0<br \/>&#8211; \u00e0 des cabinets juridiques et commerciaux ou \u00e0 des soci\u00e9t\u00e9s de traitement des donn\u00e9es \u00e0 des fins de traitement comptable, fiscal, salarial, de d\u00e9claration des revenus, de contentieux et de tout ce qui est n\u00e9cessaire pour remplir les obligations impos\u00e9es par la l\u00e9gislation en vigueur<br \/>&#8211; \u00e0 des consultants en affaires et\/ou en gestion ;<br \/>&#8211; aux autorit\u00e9s, administrations ou organismes publics pour l&rsquo;ex\u00e9cution d&rsquo;obligations l\u00e9gales<br \/>&#8211; les \u00e9tablissements de cr\u00e9dit pour les paiements et\/ou les recouvrements, la finance et l&rsquo;assurance<br \/>&#8211; d&rsquo;autres entreprises et\/ou associations pour les besoins de la prestation de services (par exemple, les op\u00e9rateurs t\u00e9l\u00e9phoniques), pour stipuler des conventions en faveur des clients ou pour d&rsquo;autres besoins commerciaux et promotionnels.<\/p>\n<h4>E) Droits conform\u00e9ment \u00e0 l&rsquo;article 7:<\/h4>\n<p>1. La personne concern\u00e9e a le droit d&rsquo;obtenir la confirmation de l&rsquo;existence ou de l&rsquo;inexistence de donn\u00e9es \u00e0 caract\u00e8re personnel la concernant, m\u00eame si elles ne sont pas encore enregistr\u00e9es, ainsi que leur communication sous une forme intelligible.<br \/>2. La personne concern\u00e9e a le droit d&rsquo;\u00eatre inform\u00e9e:<br \/>a) de l&rsquo;origine des donn\u00e9es \u00e0 caract\u00e8re personnel<br \/>b) des finalit\u00e9s et des modalit\u00e9s du traitement<br \/>c) de la logique appliqu\u00e9e en cas de traitement effectu\u00e9 \u00e0 l&rsquo;aide d&rsquo;instruments \u00e9lectroniques<br \/>d) de l&rsquo;identit\u00e9 du responsable du traitement, des sous-traitants et du repr\u00e9sentant d\u00e9sign\u00e9 conform\u00e9ment \u00e0 l&rsquo;article 5, paragraphe 2<br \/>e) les entit\u00e9s ou cat\u00e9gories d&rsquo;entit\u00e9s auxquelles les donn\u00e9es \u00e0 caract\u00e8re personnel peuvent \u00eatre communiqu\u00e9es ou qui peuvent en prendre connaissance en qualit\u00e9 de repr\u00e9sentant d\u00e9sign\u00e9 sur le territoire de l&rsquo;\u00c9tat, de sous-traitant ou de responsable du traitement.<br \/>3. La personne concern\u00e9e a le droit d&rsquo;obtenir:<br \/>a) la mise \u00e0 jour, la rectification ou, lorsqu&rsquo;il y a int\u00e9r\u00eat, l&rsquo;int\u00e9gration des donn\u00e9es ;<br \/>b) l&rsquo;effacement, la transformation sous forme anonyme ou le blocage des donn\u00e9es trait\u00e9es en violation de la loi, y compris celles dont la conservation n&rsquo;est pas n\u00e9cessaire au regard des finalit\u00e9s pour lesquelles les donn\u00e9es ont \u00e9t\u00e9 collect\u00e9es ou trait\u00e9es ult\u00e9rieurement<br \/>c) l&rsquo;attestation que les op\u00e9rations vis\u00e9es aux lettres a) et b) ont \u00e9t\u00e9 notifi\u00e9es, y compris en ce qui concerne leur contenu, aux entit\u00e9s auxquelles les donn\u00e9es ont \u00e9t\u00e9 communiqu\u00e9es ou diffus\u00e9es, \u00e0 moins que cette exigence ne s&rsquo;av\u00e8re impossible ou n&rsquo;implique un effort manifestement disproportionn\u00e9 par rapport au droit \u00e0 prot\u00e9ger.<br \/>4. La personne concern\u00e9e a le droit de s&rsquo;opposer, en tout ou en partie:<br \/>a) pour des motifs l\u00e9gitimes, au traitement des donn\u00e9es \u00e0 caract\u00e8re personnel le concernant, m\u00eame si elles sont pertinentes au regard de la finalit\u00e9 de la collecte ;<br \/>b) au traitement des donn\u00e9es \u00e0 caract\u00e8re personnel le concernant dans le but d&rsquo;envoyer du mat\u00e9riel publicitaire ou des ventes directes ou de r\u00e9aliser des \u00e9tudes de march\u00e9 ou des communications commerciales.<\/p>\n<h4 id=\"cookie\">F) Responsable du traitement et du stockage des donn\u00e9es:<\/h4>\n<p>La base de donn\u00e9es est organis\u00e9e de mani\u00e8re \u00e0 ce que l&rsquo;acc\u00e8s aux donn\u00e9es ne soit autoris\u00e9 qu&rsquo;au personnel express\u00e9ment d\u00e9sign\u00e9 par le responsable du traitement. Les donn\u00e9es sont conserv\u00e9es au si\u00e8ge de la soci\u00e9t\u00e9 de r\u00e9daction.<br \/>Le responsable du traitement est<\/p>\n<p><strong>AGARfit S.r.l.\u00a0<\/strong><br \/>Via Ranco 13\/c, 47899, Serravalle RSM\u00a0<br \/>Cod. Fiscale : MNT MRG 69H22H294T<\/p>\n<p>C.O.E. : SM22577<\/p>\n<h2>Informations sur l&rsquo;utilisation des cookies<\/h2>\n<p>Ce site web utilise des cookies et des technologies similaires pour garantir le bon fonctionnement des proc\u00e9dures et am\u00e9liorer l&rsquo;exp\u00e9rience d&rsquo;utilisation des applications en ligne. Ce document fournit des informations d\u00e9taill\u00e9es sur l&rsquo;utilisation des cookies et des technologies similaires, sur la mani\u00e8re dont ils sont utilis\u00e9s par ce site web et sur la mani\u00e8re de les g\u00e9rer.<\/p>\n<h4>D\u00e9finitions<\/h4>\n<p>Les cookies sont de courts fragments de texte (lettres et\/ou chiffres) qui permettent au serveur web de stocker des informations sur le client (le navigateur) afin de les r\u00e9utiliser lors de la m\u00eame visite sur le site (cookies de session) ou par la suite, m\u00eame plusieurs jours apr\u00e8s (cookies persistants). Les cookies sont stock\u00e9s, selon les pr\u00e9f\u00e9rences de l&rsquo;utilisateur, par le navigateur individuel sur l&rsquo;appareil sp\u00e9cifique utilis\u00e9 (ordinateur, tablette, smartphone).<\/p>\n<p>Des technologies similaires, telles que, par exemple, les balises web, les GIF transparents et toutes les formes de stockage local introduites avec HTML5, peuvent \u00eatre utilis\u00e9es pour collecter des informations sur le comportement de l&rsquo;utilisateur et l&rsquo;utilisation des services.<\/p>\n<p>Dans la suite du pr\u00e9sent document, nous ferons r\u00e9f\u00e9rence aux cookies et \u00e0 toutes les technologies similaires en utilisant simplement le terme \u00abcookies\u00bb.<\/p>\n<h4>Types de cookies<\/h4>\n<p>En fonction des caract\u00e9ristiques et de l&rsquo;utilisation des cookies, nous pouvons distinguer diff\u00e9rentes cat\u00e9gories :<\/p>\n<p>Les cookies strictement n\u00e9cessaires. Il s&rsquo;agit de cookies indispensables au bon fonctionnement des sites et utilis\u00e9s pour g\u00e9rer la connexion et l&rsquo;acc\u00e8s aux fonctions r\u00e9serv\u00e9es du site. La dur\u00e9e des cookies peut aller jusqu&rsquo;\u00e0 30 jours, visant \u00e0 reconna\u00eetre, pour cette p\u00e9riode limit\u00e9e, l&rsquo;ordinateur du visiteur &#8211; au moyen d&rsquo;un code alphanum\u00e9rique g\u00e9n\u00e9r\u00e9 lors de la premi\u00e8re session de connexion &#8211; afin de proposer le r\u00e9sultat du test effectu\u00e9 par l&rsquo;utilisateur. La partie publique du site reste normalement utilisable.<br \/>Cookies de performance et d&rsquo;analyse. Il s&rsquo;agit de cookies utilis\u00e9s pour collecter et analyser le trafic et l&rsquo;utilisation du site de mani\u00e8re anonyme. Ces cookies, sans identifier l&rsquo;utilisateur, permettent par exemple de d\u00e9tecter si un m\u00eame utilisateur revient \u00e0 des moments diff\u00e9rents. Ils permettent \u00e9galement de surveiller le syst\u00e8me et d&rsquo;en am\u00e9liorer les performances et la convivialit\u00e9. Ces cookies peuvent \u00eatre d\u00e9sactiv\u00e9s sans perte de fonctionnalit\u00e9.<br \/>Cookies de profilage. Il s&rsquo;agit de cookies permanents utilis\u00e9s pour identifier (de mani\u00e8re anonyme et non anonyme) vos pr\u00e9f\u00e9rences et am\u00e9liorer votre exp\u00e9rience de navigation. Ce site n&rsquo;utilise pas de cookies de ce type.<br \/>Cookies de tiers. Lorsque vous visitez un site web, vous pouvez recevoir des cookies \u00e0 la fois du site que vous visitez (\u00ab propri\u00e9taires \u00bb) et de sites exploit\u00e9s par d&rsquo;autres organisations (\u00ab tiers \u00bb). Un exemple notable est la pr\u00e9sence de \u00ab plugins sociaux \u00bb pour Facebook, Twitter, Google+ et LinkedIn. Il s&rsquo;agit de parties de la page visit\u00e9e g\u00e9n\u00e9r\u00e9es directement par ces sites et int\u00e9gr\u00e9es dans la page du site h\u00f4te. L&rsquo;utilisation la plus courante des plugins sociaux est le partage de contenus sur les r\u00e9seaux sociaux.<\/p>\n<p>La pr\u00e9sence de ces plugins implique la transmission de cookies vers et depuis tous les sites exploit\u00e9s par des tiers. La gestion des informations collect\u00e9es par des \u00ab tiers \u00bb est r\u00e9gie par les politiques correspondantes auxquelles il convient de se r\u00e9f\u00e9rer. Dans un souci de transparence et de commodit\u00e9, les adresses web des diff\u00e9rentes politiques de protection de la vie priv\u00e9e et des m\u00e9thodes de gestion des cookies sont \u00e9num\u00e9r\u00e9es ci-dessous.<\/p>\n<p>Informations sur Facebook : https:\/\/www.facebook.com\/help\/cookies\/<br \/>Facebook (configuration) : connectez-vous \u00e0 votre compte. Section vie priv\u00e9e.<br \/>Informations sur Twitter : https:\/\/support.twitter.com\/articles\/20170514<br \/>Twitter (configuration) : https:\/\/twitter.com\/settings\/security<br \/>Informations Linkedin : https:\/\/www.linkedin.com\/legal\/cookie-policy<br \/>Linkedin (configuration) : https:\/\/www.linkedin.com\/settings\/<br \/>Informations sur Google+ : http:\/\/www.google.it\/intl\/it\/policies\/technologies\/cookies\/<br \/>Google+ (configuration) : http:\/\/www.google.it\/intl\/it\/policies\/technologies\/managing\/<\/p>\n<h4>Google Analytics<\/h4>\n<p>Le site Web comprend \u00e9galement certains \u00e9l\u00e9ments transmis par Google Analytics, un service d&rsquo;analyse du trafic Web fourni par Google, Inc. (\u00ab Google \u00bb). L\u00e0 encore, il s&rsquo;agit de cookies tiers collect\u00e9s et g\u00e9r\u00e9s de mani\u00e8re anonyme pour surveiller et am\u00e9liorer les performances du site h\u00f4te (cookies de performance).<\/p>\n<p>Google Analytics utilise des \u00ab cookies \u00bb pour collecter et analyser de mani\u00e8re anonyme des informations sur le comportement d&rsquo;utilisation du site (y compris l&rsquo;adresse IP de l&rsquo;utilisateur). Ces informations sont collect\u00e9es par Google Analytics, qui les traite dans le but de compiler des rapports sur l&rsquo;activit\u00e9 du site \u00e0 l&rsquo;intention de ses exploitants. Ce site n&rsquo;utilise pas (et n&rsquo;autorise pas des tiers \u00e0 utiliser) l&rsquo;outil d&rsquo;analyse de Google pour suivre ou collecter des informations personnellement identifiables. Google n&rsquo;associe pas l&rsquo;adresse IP \u00e0 d&rsquo;autres donn\u00e9es d\u00e9tenues par Google et n&rsquo;essaie pas non plus d&rsquo;\u00e9tablir un lien entre l&rsquo;adresse IP et l&rsquo;identit\u00e9 de l&rsquo;utilisateur. Google est susceptible de communiquer ces informations \u00e0 des tiers en cas d&rsquo;obligation l\u00e9gale ou lorsque ces tiers traitent ces donn\u00e9es pour le compte de Google.<\/p>\n<p>Pour plus d&rsquo;informations, veuillez consulter le lien ci-dessous :<br \/>https:\/\/www.google.it\/policies\/privacy\/partners\/<\/p>\n<p>L&rsquo;utilisateur peut d\u00e9sactiver de mani\u00e8re s\u00e9lective l&rsquo;action de Google Analytics en installant sur son navigateur le composant de d\u00e9sactivation fourni par Google. Pour d\u00e9sactiver l&rsquo;action de Google Analytics, veuillez consulter le lien ci-dessous :<\/p>\n<p>https:\/\/tools.google.com\/dlpage\/gaoptout<\/p>\n<h4>Dur\u00e9e des cookies<\/h4>\n<p>Certains cookies (cookies de session) ne restent actifs que jusqu&rsquo;\u00e0 la fermeture du navigateur ou l&rsquo;ex\u00e9cution de la commande de d\u00e9connexion. D&rsquo;autres cookies \u00ab survivent \u00bb \u00e0 la fermeture du navigateur et sont disponibles lors des visites ult\u00e9rieures de l&rsquo;utilisateur.<\/p>\n<p>Ces cookies sont dits persistants et leur dur\u00e9e est fix\u00e9e par le serveur lors de leur cr\u00e9ation. Dans certains cas, une date d&rsquo;expiration est fix\u00e9e, dans d&rsquo;autres, la dur\u00e9e est illimit\u00e9e.<\/p>\n<h4>Gestion des cookies<\/h4>\n<p>L&rsquo;utilisateur peut d\u00e9cider d&rsquo;accepter ou non les cookies en utilisant les param\u00e8tres de son navigateur.<\/p>\n<p>Attention : la d\u00e9sactivation totale ou partielle des cookies techniques peut compromettre l&rsquo;utilisation des fonctionnalit\u00e9s du site r\u00e9serv\u00e9es aux utilisateurs enregistr\u00e9s. \u00c0 l&rsquo;inverse, l&rsquo;utilisation des contenus publics est \u00e9galement possible en d\u00e9sactivant compl\u00e8tement les cookies.<\/p>\n<p>La d\u00e9sactivation des cookies \u00ab tiers \u00bb n&rsquo;affecte en rien la navigabilit\u00e9.<\/p>\n<p>La configuration peut \u00eatre d\u00e9finie sp\u00e9cifiquement pour les diff\u00e9rents sites et applications web. En outre, les meilleurs navigateurs permettent des r\u00e9glages diff\u00e9rents pour les cookies \u00ab propri\u00e9taires \u00bb et les cookies \u00ab tiers \u00bb.<\/p>\n<p>Par exemple, dans Firefox, \u00e0 travers le menu Outils-&gt;Options-&gt;Privacit\u00e9, il est possible d&rsquo;acc\u00e9der \u00e0 un panneau de contr\u00f4le o\u00f9 il est possible de d\u00e9finir si l&rsquo;on accepte ou non les diff\u00e9rents types de cookies et de proc\u00e9der \u00e0 leur suppression.<\/p>\n<p>Chrome : https:\/\/support.google.com\/chrome\/answer\/95647?hl=it<br \/>Firefox : https:\/\/support.mozilla.org\/it\/kb\/Gestione%20dei%20cookie<br \/>Internet Explorer : http:\/\/windows.microsoft.com\/it-it\/windows7\/how-to-manage-cookies-in-internet-explorer-9<br \/>Opera : http:\/\/help.opera.com\/Windows\/10.00\/it\/cookies.html<br \/>Safari : http:\/\/support.apple.com\/kb\/HT1677?viewlocale=it_IT<\/p>\n","protected":false},"excerpt":{"rendered":"<p>Politique de confidentialit\u00e9 mise \u00e0 jour conform\u00e9ment au R\u00e8glement UE 2016\/679 Informations sur le traitement des donn\u00e9es personnelles conform\u00e9ment aux<\/p>\n","protected":false},"author":2,"featured_media":0,"parent":0,"menu_order":0,"comment_status":"closed","ping_status":"open","template":"","meta":{"footnotes":""},"class_list":["post-18333","page","type-page","status-publish","hentry"],"_links":{"self":[{"href":"https:\/\/www.laposturale.com\/fr\/wp-json\/wp\/v2\/pages\/18333","targetHints":{"allow":["GET"]}}],"collection":[{"href":"https:\/\/www.laposturale.com\/fr\/wp-json\/wp\/v2\/pages"}],"about":[{"href":"https:\/\/www.laposturale.com\/fr\/wp-json\/wp\/v2\/types\/page"}],"author":[{"embeddable":true,"href":"https:\/\/www.laposturale.com\/fr\/wp-json\/wp\/v2\/users\/2"}],"replies":[{"embeddable":true,"href":"https:\/\/www.laposturale.com\/fr\/wp-json\/wp\/v2\/comments?post=18333"}],"version-history":[{"count":3,"href":"https:\/\/www.laposturale.com\/fr\/wp-json\/wp\/v2\/pages\/18333\/revisions"}],"predecessor-version":[{"id":18338,"href":"https:\/\/www.laposturale.com\/fr\/wp-json\/wp\/v2\/pages\/18333\/revisions\/18338"}],"wp:attachment":[{"href":"https:\/\/www.laposturale.com\/fr\/wp-json\/wp\/v2\/media?parent=18333"}],"curies":[{"name":"wp","href":"https:\/\/api.w.org\/{rel}","templated":true}]}}