{"id":17928,"date":"2019-07-30T20:34:39","date_gmt":"2019-07-30T18:34:39","guid":{"rendered":"https:\/\/www.laposturale.com\/testimonial\/"},"modified":"2024-08-27T10:36:54","modified_gmt":"2024-08-27T08:36:54","slug":"testimonial","status":"publish","type":"page","link":"https:\/\/www.laposturale.com\/fr\/testimonial\/","title":{"rendered":"T\u00e9moignage"},"content":{"rendered":"\t\t<div data-elementor-type=\"wp-page\" data-elementor-id=\"17928\" class=\"elementor elementor-17928 elementor-5789\">\n\t\t\t\t<div class=\"wd-negative-gap elementor-element elementor-element-322387d e-flex e-con-boxed e-con e-parent\" data-id=\"322387d\" data-element_type=\"container\" data-e-type=\"container\">\n\t\t\t\t\t<div class=\"e-con-inner\">\n\t\t<div class=\"elementor-element elementor-element-a82e531 e-con-full e-flex e-con e-child\" data-id=\"a82e531\" data-element_type=\"container\" data-e-type=\"container\">\n\t\t\t\t<div class=\"elementor-element elementor-element-6582c7c elementor-widget elementor-widget-wd_image_or_svg\" data-id=\"6582c7c\" data-element_type=\"widget\" data-e-type=\"widget\" data-widget_type=\"wd_image_or_svg.default\">\n\t\t\t\t<div class=\"elementor-widget-container\">\n\t\t\t\t\t\n\t\t<div class=\"wd-image text-left\">\n\t\t\t\t\t\t\t\t<img loading=\"lazy\" decoding=\"async\" width=\"1920\" height=\"1440\" src=\"https:\/\/www.laposturale.com\/wp-content\/uploads\/2019\/07\/received_855429684823964.jpg\" class=\"attachment-full size-full\" alt=\"\" srcset=\"https:\/\/www.laposturale.com\/wp-content\/uploads\/2019\/07\/received_855429684823964.jpg 1920w, https:\/\/www.laposturale.com\/wp-content\/uploads\/2019\/07\/received_855429684823964-430x323.jpg 430w, https:\/\/www.laposturale.com\/wp-content\/uploads\/2019\/07\/received_855429684823964-150x113.jpg 150w, https:\/\/www.laposturale.com\/wp-content\/uploads\/2019\/07\/received_855429684823964-700x525.jpg 700w, https:\/\/www.laposturale.com\/wp-content\/uploads\/2019\/07\/received_855429684823964-300x225.jpg 300w, https:\/\/www.laposturale.com\/wp-content\/uploads\/2019\/07\/received_855429684823964-768x576.jpg 768w, https:\/\/www.laposturale.com\/wp-content\/uploads\/2019\/07\/received_855429684823964-1024x768.jpg 1024w, https:\/\/www.laposturale.com\/wp-content\/uploads\/2019\/07\/received_855429684823964-800x600.jpg 800w, https:\/\/www.laposturale.com\/wp-content\/uploads\/2019\/07\/received_855429684823964-600x450.jpg 600w\" sizes=\"auto, (max-width: 1920px) 100vw, 1920px\" \/>\t\t\t\t\t<\/div>\n\n\t\t\t\t\t\t<\/div>\n\t\t\t\t<\/div>\n\t\t\t\t<div class=\"elementor-element elementor-element-b042e9e elementor-widget__width-initial wd-width-100 elementor-widget elementor-widget-wd_title\" data-id=\"b042e9e\" data-element_type=\"widget\" data-e-type=\"widget\" data-widget_type=\"wd_title.default\">\n\t\t\t\t<div class=\"elementor-widget-container\">\n\t\t\t\t\t\t\t<div class=\"title-wrapper wd-set-mb reset-last-child wd-title-color-primary wd-title-style-default wd-title-size-large text-left\">\n\n\t\t\t\t\t\t\t\t\t\t\t<div class=\"title-subtitle subtitle-color-primary subtitle-style-default wd-fontsize-xs\">\n\t\t\t\t\tMARATHONIENNE ET TRIATHL\u00c8TE\t\t\t\t<\/div>\n\t\t\t\n\t\t\t<div class=\"liner-continer\">\n\t\t\t\t<h4 class=\"woodmart-title-container title wd-fontsize-xxl\">Sara Dossena<\/h4> \n\t\t\t\t\t\t\t<\/div>\n\n\t\t\t\t\t\t\t<div class=\"title-after_title reset-last-child wd-fontsize-s\">\n\t\t\t\t\t<p>Marathonien, coureur de demi-fond et triathl\u00e8te italien, multiple m\u00e9daill\u00e9 national et international en tant que triathl\u00e8te (\u00e9galement en duathlon) et en tant qu'athl\u00e8te.<\/p>\t\t\t\t<\/div>\n\t\t\t\t\t<\/div>\n\t\t\t\t\t\t<\/div>\n\t\t\t\t<\/div>\n\t\t\t\t<div class=\"elementor-element elementor-element-2609f1e elementor-widget elementor-widget-wd_button\" data-id=\"2609f1e\" data-element_type=\"widget\" data-e-type=\"widget\" data-widget_type=\"wd_button.default\">\n\t\t\t\t<div class=\"elementor-widget-container\">\n\t\t\t\t\t\t\t<div class=\"wd-button-wrapper text-left\" >\n\t\t\t<a class=\"btn btn-style-default btn-shape-rectangle btn-size-default btn-icon-pos-left\"  href=\"https:\/\/it.wikipedia.org\/wiki\/Sara_Dossena\" target=\"_blank\" rel=\"nofollow noopener\">\n\t\t\t\t<span class=\"wd-btn-text\" data-elementor-setting-key=\"text\">\n\t\t\t\t\tD\u00c9COUVRIR L&#039;ATHL\u00c8TE\t\t\t\t<\/span>\n\n\t\t\t\t\t\t\t\t\t<span class=\"wd-btn-icon\">\n\t\t\t\t\t\t<svg class=\"wd-icon e-font-icon-svg e-fab-wikipedia-w\" viewBox=\"0 0 640 512\" xmlns=\"http:\/\/www.w3.org\/2000\/svg\"><path d=\"M640 51.2l-.3 12.2c-28.1.8-45 15.8-55.8 40.3-25 57.8-103.3 240-155.3 358.6H415l-81.9-193.1c-32.5 63.6-68.3 130-99.2 193.1-.3.3-15 0-15-.3C172 352.3 122.8 243.4 75.8 133.4 64.4 106.7 26.4 63.4.2 63.7c0-3.1-.3-10-.3-14.2h161.9v13.9c-19.2 1.1-52.8 13.3-43.3 34.2 21.9 49.7 103.6 240.3 125.6 288.6 15-29.7 57.8-109.2 75.3-142.8-13.9-28.3-58.6-133.9-72.8-160-9.7-17.8-36.1-19.4-55.8-19.7V49.8l142.5.3v13.1c-19.4.6-38.1 7.8-29.4 26.1 18.9 40 30.6 68.1 48.1 104.7 5.6-10.8 34.7-69.4 48.1-100.8 8.9-20.6-3.9-28.6-38.6-29.4.3-3.6 0-10.3.3-13.6 44.4-.3 111.1-.3 123.1-.6v13.6c-22.5.8-45.8 12.8-58.1 31.7l-59.2 122.8c6.4 16.1 63.3 142.8 69.2 156.7L559.2 91.8c-8.6-23.1-36.4-28.1-47.2-28.3V49.6l127.8 1.1.2.5z\"><\/path><\/svg>\t\t\t\t\t<\/span>\n\t\t\t\t\t\t\t<\/a>\n\t\t<\/div>\n\t\t\t\t\t\t<\/div>\n\t\t\t\t<\/div>\n\t\t\t\t<\/div>\n\t\t<div class=\"elementor-element elementor-element-a11cca7 e-con-full e-flex e-con e-child\" data-id=\"a11cca7\" data-element_type=\"container\" data-e-type=\"container\">\n\t\t\t\t<div class=\"elementor-element elementor-element-f1f980a elementor-widget elementor-widget-wd_image_or_svg\" data-id=\"f1f980a\" data-element_type=\"widget\" data-e-type=\"widget\" data-widget_type=\"wd_image_or_svg.default\">\n\t\t\t\t<div class=\"elementor-widget-container\">\n\t\t\t\t\t\n\t\t<div class=\"wd-image text-left\">\n\t\t\t\t\t\t\t\t<img loading=\"lazy\" decoding=\"async\" width=\"1920\" height=\"1440\" src=\"https:\/\/www.laposturale.com\/wp-content\/uploads\/2019\/07\/IMG_20190706_162316.jpg\" class=\"attachment-full size-full\" alt=\"\" srcset=\"https:\/\/www.laposturale.com\/wp-content\/uploads\/2019\/07\/IMG_20190706_162316.jpg 1920w, https:\/\/www.laposturale.com\/wp-content\/uploads\/2019\/07\/IMG_20190706_162316-430x323.jpg 430w, https:\/\/www.laposturale.com\/wp-content\/uploads\/2019\/07\/IMG_20190706_162316-150x113.jpg 150w, https:\/\/www.laposturale.com\/wp-content\/uploads\/2019\/07\/IMG_20190706_162316-700x525.jpg 700w, https:\/\/www.laposturale.com\/wp-content\/uploads\/2019\/07\/IMG_20190706_162316-300x225.jpg 300w, https:\/\/www.laposturale.com\/wp-content\/uploads\/2019\/07\/IMG_20190706_162316-768x576.jpg 768w, https:\/\/www.laposturale.com\/wp-content\/uploads\/2019\/07\/IMG_20190706_162316-1024x768.jpg 1024w, https:\/\/www.laposturale.com\/wp-content\/uploads\/2019\/07\/IMG_20190706_162316-800x600.jpg 800w, https:\/\/www.laposturale.com\/wp-content\/uploads\/2019\/07\/IMG_20190706_162316-600x450.jpg 600w\" sizes=\"auto, (max-width: 1920px) 100vw, 1920px\" \/>\t\t\t\t\t<\/div>\n\n\t\t\t\t\t\t<\/div>\n\t\t\t\t<\/div>\n\t\t\t\t<div class=\"elementor-element elementor-element-77c976e elementor-widget__width-initial wd-width-100 elementor-widget elementor-widget-wd_title\" data-id=\"77c976e\" data-element_type=\"widget\" data-e-type=\"widget\" data-widget_type=\"wd_title.default\">\n\t\t\t\t<div class=\"elementor-widget-container\">\n\t\t\t\t\t\t\t<div class=\"title-wrapper wd-set-mb reset-last-child wd-title-color-primary wd-title-style-default wd-title-size-large text-left\">\n\n\t\t\t\t\t\t\t\t\t\t\t<div class=\"title-subtitle subtitle-color-primary subtitle-style-default wd-fontsize-xs\">\n\t\t\t\t\tMARATHONET\t\t\t\t<\/div>\n\t\t\t\n\t\t\t<div class=\"liner-continer\">\n\t\t\t\t<h4 class=\"woodmart-title-container title wd-fontsize-xxl\">Yassine Rachik<\/h4> \n\t\t\t\t\t\t\t<\/div>\n\n\t\t\t\t\t\t\t<div class=\"title-after_title reset-last-child wd-fontsize-s\">\n\t\t\t\t\t<p>Coureur de demi-fond et marathonien italien, m\u00e9daill\u00e9 de bronze sur marathon aux Championnats d'Europe 2018 \u00e0 Berlin.<\/p>\t\t\t\t<\/div>\n\t\t\t\t\t<\/div>\n\t\t\t\t\t\t<\/div>\n\t\t\t\t<\/div>\n\t\t\t\t<div class=\"elementor-element elementor-element-9134e54 elementor-widget elementor-widget-wd_button\" data-id=\"9134e54\" data-element_type=\"widget\" data-e-type=\"widget\" data-widget_type=\"wd_button.default\">\n\t\t\t\t<div class=\"elementor-widget-container\">\n\t\t\t\t\t\t\t<div class=\"wd-button-wrapper text-left\" >\n\t\t\t<a class=\"btn btn-style-default btn-shape-rectangle btn-size-default btn-icon-pos-left\"  href=\"https:\/\/it.wikipedia.org\/wiki\/Yassine_Rachik\" target=\"_blank\" rel=\"nofollow noopener\">\n\t\t\t\t<span class=\"wd-btn-text\" data-elementor-setting-key=\"text\">\n\t\t\t\t\tD\u00c9COUVRIR L&#039;ATHL\u00c8TE\t\t\t\t<\/span>\n\n\t\t\t\t\t\t\t\t\t<span class=\"wd-btn-icon\">\n\t\t\t\t\t\t<svg class=\"wd-icon e-font-icon-svg e-fab-wikipedia-w\" viewBox=\"0 0 640 512\" xmlns=\"http:\/\/www.w3.org\/2000\/svg\"><path d=\"M640 51.2l-.3 12.2c-28.1.8-45 15.8-55.8 40.3-25 57.8-103.3 240-155.3 358.6H415l-81.9-193.1c-32.5 63.6-68.3 130-99.2 193.1-.3.3-15 0-15-.3C172 352.3 122.8 243.4 75.8 133.4 64.4 106.7 26.4 63.4.2 63.7c0-3.1-.3-10-.3-14.2h161.9v13.9c-19.2 1.1-52.8 13.3-43.3 34.2 21.9 49.7 103.6 240.3 125.6 288.6 15-29.7 57.8-109.2 75.3-142.8-13.9-28.3-58.6-133.9-72.8-160-9.7-17.8-36.1-19.4-55.8-19.7V49.8l142.5.3v13.1c-19.4.6-38.1 7.8-29.4 26.1 18.9 40 30.6 68.1 48.1 104.7 5.6-10.8 34.7-69.4 48.1-100.8 8.9-20.6-3.9-28.6-38.6-29.4.3-3.6 0-10.3.3-13.6 44.4-.3 111.1-.3 123.1-.6v13.6c-22.5.8-45.8 12.8-58.1 31.7l-59.2 122.8c6.4 16.1 63.3 142.8 69.2 156.7L559.2 91.8c-8.6-23.1-36.4-28.1-47.2-28.3V49.6l127.8 1.1.2.5z\"><\/path><\/svg>\t\t\t\t\t<\/span>\n\t\t\t\t\t\t\t<\/a>\n\t\t<\/div>\n\t\t\t\t\t\t<\/div>\n\t\t\t\t<\/div>\n\t\t\t\t<\/div>\n\t\t\t\t\t<\/div>\n\t\t\t\t<\/div>\n\t\t<div class=\"wd-negative-gap elementor-element elementor-element-5f2f386 e-flex e-con-boxed e-con e-parent\" data-id=\"5f2f386\" data-element_type=\"container\" data-e-type=\"container\">\n\t\t\t\t\t<div class=\"e-con-inner\">\n\t\t<div class=\"elementor-element elementor-element-c2dd553 e-con-full e-flex e-con e-child\" data-id=\"c2dd553\" data-element_type=\"container\" data-e-type=\"container\">\n\t\t\t\t<div class=\"elementor-element elementor-element-97c7961 elementor-widget elementor-widget-wd_image_or_svg\" data-id=\"97c7961\" data-element_type=\"widget\" data-e-type=\"widget\" data-widget_type=\"wd_image_or_svg.default\">\n\t\t\t\t<div class=\"elementor-widget-container\">\n\t\t\t\t\t\n\t\t<div class=\"wd-image text-left\">\n\t\t\t\t\t\t\t\t<img loading=\"lazy\" decoding=\"async\" width=\"1600\" height=\"959\" src=\"https:\/\/www.laposturale.com\/wp-content\/uploads\/2020\/10\/panca-posturale-laposturale-atleta-testimonial-paralimpico-vincenzo-boni.jpg\" class=\"attachment-full size-full\" alt=\"\" srcset=\"https:\/\/www.laposturale.com\/wp-content\/uploads\/2020\/10\/panca-posturale-laposturale-atleta-testimonial-paralimpico-vincenzo-boni.jpg 1600w, https:\/\/www.laposturale.com\/wp-content\/uploads\/2020\/10\/panca-posturale-laposturale-atleta-testimonial-paralimpico-vincenzo-boni-430x258.jpg 430w, https:\/\/www.laposturale.com\/wp-content\/uploads\/2020\/10\/panca-posturale-laposturale-atleta-testimonial-paralimpico-vincenzo-boni-150x90.jpg 150w, https:\/\/www.laposturale.com\/wp-content\/uploads\/2020\/10\/panca-posturale-laposturale-atleta-testimonial-paralimpico-vincenzo-boni-700x420.jpg 700w, https:\/\/www.laposturale.com\/wp-content\/uploads\/2020\/10\/panca-posturale-laposturale-atleta-testimonial-paralimpico-vincenzo-boni-300x180.jpg 300w, https:\/\/www.laposturale.com\/wp-content\/uploads\/2020\/10\/panca-posturale-laposturale-atleta-testimonial-paralimpico-vincenzo-boni-1024x614.jpg 1024w, https:\/\/www.laposturale.com\/wp-content\/uploads\/2020\/10\/panca-posturale-laposturale-atleta-testimonial-paralimpico-vincenzo-boni-768x460.jpg 768w, https:\/\/www.laposturale.com\/wp-content\/uploads\/2020\/10\/panca-posturale-laposturale-atleta-testimonial-paralimpico-vincenzo-boni-1536x921.jpg 1536w, https:\/\/www.laposturale.com\/wp-content\/uploads\/2020\/10\/panca-posturale-laposturale-atleta-testimonial-paralimpico-vincenzo-boni-600x360.jpg 600w\" sizes=\"auto, (max-width: 1600px) 100vw, 1600px\" \/>\t\t\t\t\t<\/div>\n\n\t\t\t\t\t\t<\/div>\n\t\t\t\t<\/div>\n\t\t\t\t<div class=\"elementor-element elementor-element-92b99b8 elementor-widget__width-initial wd-width-100 elementor-widget elementor-widget-wd_title\" data-id=\"92b99b8\" data-element_type=\"widget\" data-e-type=\"widget\" data-widget_type=\"wd_title.default\">\n\t\t\t\t<div class=\"elementor-widget-container\">\n\t\t\t\t\t\t\t<div class=\"title-wrapper wd-set-mb reset-last-child wd-title-color-primary wd-title-style-default wd-title-size-large text-left\">\n\n\t\t\t\t\t\t\t\t\t\t\t<div class=\"title-subtitle subtitle-color-primary subtitle-style-default wd-fontsize-xs\">\n\t\t\t\t\tATHL\u00c8TE PARALYMPIQUE\t\t\t\t<\/div>\n\t\t\t\n\t\t\t<div class=\"liner-continer\">\n\t\t\t\t<h4 class=\"woodmart-title-container title wd-fontsize-xxl\">Vincenzo Boni<\/h4> \n\t\t\t\t\t\t\t<\/div>\n\n\t\t\t\t\t\t\t<div class=\"title-after_title reset-last-child wd-fontsize-s\">\n\t\t\t\t\t<p>En tant que nageur, il d\u00e9tient le record d'Europe du 100 m\u00e8tres dos, cat\u00e9gorie S3, et les records du monde en petit bassin du 50 m\u00e8tres nage libre, 50 m\u00e8tres dos, 100 m\u00e8tres nage libre, 100 m\u00e8tres dos, S3. Il d\u00e9tient \u00e9galement les records italiens sur les distances de 50, 100, 200 m\u00e8tres en nage libre, et 50, 100 m\u00e8tres en dos crawl\u00e9, S3.<\/p>\t\t\t\t<\/div>\n\t\t\t\t\t<\/div>\n\t\t\t\t\t\t<\/div>\n\t\t\t\t<\/div>\n\t\t\t\t<div class=\"elementor-element elementor-element-ed69bbd elementor-widget elementor-widget-wd_button\" data-id=\"ed69bbd\" data-element_type=\"widget\" data-e-type=\"widget\" data-widget_type=\"wd_button.default\">\n\t\t\t\t<div class=\"elementor-widget-container\">\n\t\t\t\t\t\t\t<div class=\"wd-button-wrapper text-left\" >\n\t\t\t<a class=\"btn btn-style-default btn-shape-rectangle btn-size-default btn-icon-pos-left\"  href=\"https:\/\/it.wikipedia.org\/wiki\/Vincenzo_Boni\" target=\"_blank\" rel=\"nofollow noopener\">\n\t\t\t\t<span class=\"wd-btn-text\" data-elementor-setting-key=\"text\">\n\t\t\t\t\tD\u00c9COUVRIR L&#039;ATHL\u00c8TE\t\t\t\t<\/span>\n\n\t\t\t\t\t\t\t\t\t<span class=\"wd-btn-icon\">\n\t\t\t\t\t\t<svg class=\"wd-icon e-font-icon-svg e-fab-wikipedia-w\" viewBox=\"0 0 640 512\" xmlns=\"http:\/\/www.w3.org\/2000\/svg\"><path d=\"M640 51.2l-.3 12.2c-28.1.8-45 15.8-55.8 40.3-25 57.8-103.3 240-155.3 358.6H415l-81.9-193.1c-32.5 63.6-68.3 130-99.2 193.1-.3.3-15 0-15-.3C172 352.3 122.8 243.4 75.8 133.4 64.4 106.7 26.4 63.4.2 63.7c0-3.1-.3-10-.3-14.2h161.9v13.9c-19.2 1.1-52.8 13.3-43.3 34.2 21.9 49.7 103.6 240.3 125.6 288.6 15-29.7 57.8-109.2 75.3-142.8-13.9-28.3-58.6-133.9-72.8-160-9.7-17.8-36.1-19.4-55.8-19.7V49.8l142.5.3v13.1c-19.4.6-38.1 7.8-29.4 26.1 18.9 40 30.6 68.1 48.1 104.7 5.6-10.8 34.7-69.4 48.1-100.8 8.9-20.6-3.9-28.6-38.6-29.4.3-3.6 0-10.3.3-13.6 44.4-.3 111.1-.3 123.1-.6v13.6c-22.5.8-45.8 12.8-58.1 31.7l-59.2 122.8c6.4 16.1 63.3 142.8 69.2 156.7L559.2 91.8c-8.6-23.1-36.4-28.1-47.2-28.3V49.6l127.8 1.1.2.5z\"><\/path><\/svg>\t\t\t\t\t<\/span>\n\t\t\t\t\t\t\t<\/a>\n\t\t<\/div>\n\t\t\t\t\t\t<\/div>\n\t\t\t\t<\/div>\n\t\t\t\t<\/div>\n\t\t<div class=\"elementor-element elementor-element-ea888d2 e-con-full e-flex e-con e-child\" data-id=\"ea888d2\" data-element_type=\"container\" data-e-type=\"container\">\n\t\t\t\t<\/div>\n\t\t\t\t\t<\/div>\n\t\t\t\t<\/div>\n\t\t\t\t<\/div>\n\t\t","protected":false},"excerpt":{"rendered":"<p>MARATHONIENNE ET TRIATHL\u00c8TE Sara Dossena Marathonien, coureur de demi-fond et triathl\u00e8te italien, multiple m\u00e9daill\u00e9 national et international en tant que<\/p>\n","protected":false},"author":2,"featured_media":0,"parent":0,"menu_order":0,"comment_status":"closed","ping_status":"closed","template":"","meta":{"footnotes":""},"class_list":["post-17928","page","type-page","status-publish","hentry"],"_links":{"self":[{"href":"https:\/\/www.laposturale.com\/fr\/wp-json\/wp\/v2\/pages\/17928","targetHints":{"allow":["GET"]}}],"collection":[{"href":"https:\/\/www.laposturale.com\/fr\/wp-json\/wp\/v2\/pages"}],"about":[{"href":"https:\/\/www.laposturale.com\/fr\/wp-json\/wp\/v2\/types\/page"}],"author":[{"embeddable":true,"href":"https:\/\/www.laposturale.com\/fr\/wp-json\/wp\/v2\/users\/2"}],"replies":[{"embeddable":true,"href":"https:\/\/www.laposturale.com\/fr\/wp-json\/wp\/v2\/comments?post=17928"}],"version-history":[{"count":4,"href":"https:\/\/www.laposturale.com\/fr\/wp-json\/wp\/v2\/pages\/17928\/revisions"}],"predecessor-version":[{"id":17939,"href":"https:\/\/www.laposturale.com\/fr\/wp-json\/wp\/v2\/pages\/17928\/revisions\/17939"}],"wp:attachment":[{"href":"https:\/\/www.laposturale.com\/fr\/wp-json\/wp\/v2\/media?parent=17928"}],"curies":[{"name":"wp","href":"https:\/\/api.w.org\/{rel}","templated":true}]}}