{"id":11999,"date":"2019-04-04T12:06:22","date_gmt":"2019-04-04T10:06:22","guid":{"rendered":"https:\/\/www.laposturale.com\/product\/irontwin-piedoni\/"},"modified":"2025-08-06T09:38:07","modified_gmt":"2025-08-06T07:38:07","slug":"irontwin-piedoni","status":"publish","type":"product","link":"https:\/\/www.laposturale.com\/es\/producto\/irontwin-piedoni\/","title":{"rendered":"IronTwin"},"content":{"rendered":"<div class=\"page\" title=\"Page 1\">\n<div class=\"layoutArea\">\n<div class=\"column\">\n<p><strong>IRONTWIN es un calzado propioceptivo<\/strong> dise\u00f1ado para el entrenamiento de fortalecimiento de los miembros inferiores.<\/p>\n<p>Con IRONTWIN TENEMOS UN CALZADO PROPIOCEPTIVO que se puede llevar en cualquier lugar y en cualquier momento del d\u00eda, de una forma muy sencilla.<\/p>\n<p>IRONTWIN se puede utilizar en el gimnasio, en el trabajo en casa y en el tiempo libre. La caracter\u00edstica principal es la posibilidad de entrenar ambos pies al mismo tiempo. Al ser un zapato, puedes caminar con \u00e9l, puedes utilizarlo en tu rutina diaria incluso mientras realizas otras funciones.<\/p>\n<p><strong>El objetivo del entrenamiento propioceptivo es estimular las terminaciones nerviosas y los receptores que intervienen en el control de los m\u00fasculos, las articulaciones y los huesos.<\/strong> La propiocepci\u00f3n es la capacidad de percibir y reconocer la posici\u00f3n del cuerpo en el espacio. Por lo tanto, el entrenamiento consiste en realizar ejercicios que generen inestabilidad para mejorar la respuesta a las se\u00f1ales propioceptivas de los miembros inferiores.<\/p>\n<p>As\u00ed pues, el entrenamiento reeduca los reflejos, ense\u00f1ando a tener un buen control de la postura, de las articulaciones implicadas y, por tanto, del propio cuerpo.<\/p>\n<p>INFO:<\/p>\n<p><strong>Dimensiones<\/strong>: Largo 33 cm \/ Ancho 14 cm \/ Alto 10 cm \/ Peso 2 kg<br \/>\n<strong>Madera<\/strong>: modelo para uso <strong>INDOOR<\/strong> de contrachapado de abedul de 12 mm tratado con barniz transparente y con efecto antideslizante. Modelo para uso <strong>EXTERIOR<\/strong> fabricado en contrachapado de abedul de 12 mm con pel\u00edcula protectora en ambas caras, la superior antideslizante y la inferior lisa. Garant\u00eda de 5 a\u00f1os contra la descamaci\u00f3n de las capas de madera.<br \/>\n<strong>Sistema de cordones<\/strong>: Piel sint\u00e9tica de 1,5 mm de grosor con sistema de cordones en la capa interior de microfibra con soporte de correa macho\/hembra.<br \/>\n<strong>Bal\u00f3n<\/strong>: Halfball de caucho fabricado en Italia, certificado CE<br \/>\n<strong>Bomba de inflado<\/strong>: Minibomba de pl\u00e1stico duro y aguja met\u00e1lica<\/p>\n<\/div>\n<\/div>\n<\/div>\n","protected":false},"excerpt":{"rendered":"<p><strong>IRONTWIN es un calzado propioceptivo<\/strong> dise\u00f1ado para el entrenamiento de fortalecimiento de los miembros inferiores.<br \/>\nCon IRONTWIN TENEMOS UN CALZADO PROPIOCEPTIVO que se puede llevar en cualquier lugar y en cualquier momento del d\u00eda, de una forma muy sencilla.<\/p>\n","protected":false},"featured_media":18630,"comment_status":"open","ping_status":"closed","template":"","meta":[],"product_brand":[],"product_cat":[428,332],"product_tag":[381,377,334],"class_list":{"0":"post-11999","1":"product","2":"type-product","3":"status-publish","4":"has-post-thumbnail","6":"product_cat-potenziamento-es","7":"product_cat-tabla-propioceptiva-es","8":"product_tag-irontwin","9":"product_tag-postura-es","10":"product_tag-propioceptivo-es","12":"first","13":"instock","14":"taxable","15":"shipping-taxable","16":"purchasable","17":"product-type-variable"},"_links":{"self":[{"href":"https:\/\/www.laposturale.com\/es\/wp-json\/wp\/v2\/product\/11999","targetHints":{"allow":["GET"]}}],"collection":[{"href":"https:\/\/www.laposturale.com\/es\/wp-json\/wp\/v2\/product"}],"about":[{"href":"https:\/\/www.laposturale.com\/es\/wp-json\/wp\/v2\/types\/product"}],"replies":[{"embeddable":true,"href":"https:\/\/www.laposturale.com\/es\/wp-json\/wp\/v2\/comments?post=11999"}],"version-history":[{"count":1,"href":"https:\/\/www.laposturale.com\/es\/wp-json\/wp\/v2\/product\/11999\/revisions"}],"predecessor-version":[{"id":12002,"href":"https:\/\/www.laposturale.com\/es\/wp-json\/wp\/v2\/product\/11999\/revisions\/12002"}],"wp:featuredmedia":[{"embeddable":true,"href":"https:\/\/www.laposturale.com\/es\/wp-json\/wp\/v2\/media\/18630"}],"wp:attachment":[{"href":"https:\/\/www.laposturale.com\/es\/wp-json\/wp\/v2\/media?parent=11999"}],"wp:term":[{"taxonomy":"product_brand","embeddable":true,"href":"https:\/\/www.laposturale.com\/es\/wp-json\/wp\/v2\/product_brand?post=11999"},{"taxonomy":"product_cat","embeddable":true,"href":"https:\/\/www.laposturale.com\/es\/wp-json\/wp\/v2\/product_cat?post=11999"},{"taxonomy":"product_tag","embeddable":true,"href":"https:\/\/www.laposturale.com\/es\/wp-json\/wp\/v2\/product_tag?post=11999"}],"curies":[{"name":"wp","href":"https:\/\/api.w.org\/{rel}","templated":true}]}}