{"id":5888,"date":"2019-03-29T10:59:34","date_gmt":"2019-03-29T09:59:34","guid":{"rendered":"https:\/\/www.laposturale.com\/privacy-policy\/"},"modified":"2021-02-08T17:14:24","modified_gmt":"2021-02-08T16:14:24","slug":"privacy-policy","status":"publish","type":"page","link":"https:\/\/www.laposturale.com\/en\/privacy-policy\/","title":{"rendered":"Privacy Policy &#038; Cookie"},"content":{"rendered":"\r\n<h2 class=\"wp-block-heading\">Informativa sulla privacy\u00a0aggiornata al Reg UE 2016\/679<\/h2>\r\n<p>Informativa sul trattamento dei dati personali ai sensi dell\u2019art. 13 \/15 del Reg. UE 2016\/679 \u2013 Regolamento Europeo in materia di protezione dei dati personali.<br \/>Al fine di ottemperare a quanto disposto dal Reg UE 2016\/679 e fermi restando i principi di correttezza e riservatezza ai quali la ditta scrivente si \u00e8 sempre comunque ispirata nel trattamento di dati personali, si intende con la presente informare tutti i clienti e i fornitori in merito a quanto disposto dal Reg UE 2016\/679.<\/p>\r\n<h4>A) Finalit\u00e0 e modalit\u00e0 del trattamento dei dati:<\/h4>\r\n<p>I dati personali in possesso della scrivente sono raccolti direttamente dall\u2019interessato e l\u2019informativa viene fornita direttamente all\u2019interessato all\u2019atto della raccolta dei dati.<br \/>I dati personali potranno essere trattati per:<br \/>1) l\u2019adempimento agli obblighi previsti dalla legge, da regolamenti e dalla normativa comunitaria, ovvero a disposizioni impartite da autorit\u00e0 a ci\u00f2 legittimate dalla legge e da organi di vigilanza e controllo (ad esempio obblighi previsti dalla normativa per la tenuta della contabilit\u00e0 clienti\/fornitori);<br \/>2) la fornitura dei prodotti, materiali e\/o servizi richiesti dal cliente;<br \/>3) finalit\u00e0 connesse e strumentali alla gestione dei rapporti con i clienti\/fornitori, quali: gestione preventivi e conferme d\u2019ordine; elaborazione statistiche interne; gestione protocollo; gestione rubriche telefoniche e mailing list; gestione di operazioni creditizie e\/o commerciali;<br \/>Il trattamento dei dati raccolti avverr\u00e0 principalmente mediante strumenti cartacei ma i dati potranno comunque essere archiviati e conservati anche in forma automatizzata.<\/p>\r\n<h4>B) Natura facoltativa del conferimento dei dati:<\/h4>\r\n<p>La comunicazione dei dati non ha natura obbligatoria ma bens\u00ec natura facoltativa.<\/p>\r\n<h4>C) Conseguenze della mancata comunicazione dei dati:<\/h4>\r\n<p>La comunicazione dei dati, pur non avendo natura obbligatoria, \u00e8 premessa indispensabile per il corretto instaurarsi del rapporto contrattuale. Si rende noto che l\u2019eventuale non comunicazione, o comunicazione errata dei dati richiesti ha come conseguenze emergenti l\u2019impossibilit\u00e0 di garantire la congruit\u00e0 del trattamento ai patti per cui esso sia eseguito.<br \/>E\u2019 interesse comune, pertanto, la tempestiva comunicazione alla ditta scrivente, da parte di tutti i clienti e\/o fornitori, di eventuali variazioni intervenute nei dati forniti.<\/p>\r\n<h4>D) Comunicazione e diffusione:<\/h4>\r\n<p>I dati potranno essere comunicati (parzialmente o integralmente) a:<br \/>\u2013 studi legali e commerciali o a societ\u00e0 di elaborazione dati ai fini di elaborare i dati contabili, fiscali, paghe, dichiarazioni redditi, attivit\u00e0 contenziosa e quant\u2019altro necessario ad adempiere ad obblighi imposti dalle vigenti leggi;<br \/>\u2013 consulenti aziendali e\/o gestionali;<br \/>\u2013 Pubbliche Autorit\u00e0, Amministrazioni o Enti per gli adempimenti di Legge;<br \/>\u2013 Enti creditizi per i pagamenti e\/o le riscossioni, finanziari e di assicurazione;<br \/>\u2013 altre imprese e\/associazioni per esigenze di fornitura servizi (esempio gestori telefonici), per stipula di convenzioni a favore dei clienti o altre esigenze commerciali e promozionali<\/p>\r\n<h4>E) Diritti di cui all\u2019art. 7:<\/h4>\r\n<p>1. L\u2019interessato ha diritto di ottenere la conferma dell\u2019esistenza o meno di dati personali che lo riguardano, anche se non ancora registrati, e la loro comunicazione in forma intelligibile.<br \/>2. L\u2019interessato ha diritto di ottenere l\u2019indicazione:<br \/>a)\u00a0\u00a0 \u00a0dell\u2019origine dei dati personali;<br \/>b)\u00a0\u00a0 \u00a0delle finalit\u00e0 e modalit\u00e0 del trattamento;<br \/>c)\u00a0\u00a0 \u00a0della logica applicata in caso di trattamento effettuato con l\u2019ausilio di strumenti elettronici;<br \/>d)\u00a0\u00a0 \u00a0degli estremi identificativi del titolare, dei responsabili e del rappresentante designato ai sensi dell\u2019articolo 5, comma 2;<br \/>e)\u00a0\u00a0 \u00a0dei soggetti o delle categorie di soggetti ai quali i dati personali possono essere comunicati o che possono venirne a conoscenza in qualit\u00e0 di rappresentante designato nel territorio dello Stato, di responsabili o incaricati.<br \/>3. L\u2019interessato ha diritto di ottenere:<br \/>a)\u00a0\u00a0 \u00a0l\u2019aggiornamento, la rettificazione ovvero, quando vi ha interesse, l\u2019integrazione dei dati;<br \/>b)\u00a0\u00a0 \u00a0la cancellazione, la trasformazione in forma anonima o il blocco dei dati trattati in violazione di legge, compresi quelli di cui non \u00e8 necessaria la conservazione in relazione agli scopi per i quali i dati sono stati raccolti o successivamente trattati;<br \/>c)\u00a0\u00a0 \u00a0l\u2019attestazione che le operazioni di cui alle lettere a) e b) sono state portate a conoscenza, anche per quanto riguarda il loro contenuto, di coloro ai quali i dati sono stati comunicati o diffusi, eccettuato il caso in cui tale adempimento si rivela impossibile o comporta un impiego di mezzi manifestamente sproporzionato rispetto al diritto tutelato.<br \/>4. L\u2019interessato ha diritto di opporsi, in tutto o in parte:<br \/>a)\u00a0\u00a0 \u00a0per motivi legittimi al trattamento dei dati personali che lo riguardano, ancorch\u00e9 pertinenti allo scopo della raccolta;<br \/>b)\u00a0\u00a0 \u00a0al trattamento di dati personali che lo riguardano a fini di invio di materiale pubblicitario o di vendita diretta o per il compimento di ricerche di mercato o di comunicazione commerciale.<\/p>\r\n<h4 id=\"cookie\">F) Titolare del trattamento e conservazione dei dati:<\/h4>\r\n<p>La banca dati \u00e8 organizzata in modo tale che l\u2019accesso ai dati \u00e8 consentito al solo personale espressamente incaricato dal titolare del trattamento. I dati verranno conservati presso la sede della ditta scrivente.<br \/>Il titolare del trattamento \u00e8<\/p>\r\n<p><strong>AGARfit S.r.l.\u00a0<\/strong><br \/>Via Ranco 13\/c, 47899, Serravalle RSM\u00a0<br \/>Cod. Fiscale : MNT MRG 69H22H294T<\/p>\r\n<p>C.O.E. : SM22577<\/p>\r\n<h2>Informativa sull\u2019uso dei cookie<\/h2>\r\n<p>Questo sito web utilizza cookie e tecnologie simili per garantire il corretto funzionamento delle procedure e migliorare l\u2019esperienza di uso delle applicazioni online. Il presente documento fornisce informazioni dettagliate sull\u2019uso dei cookie e di tecnologie similari, su come sono utilizzati da questo sito e su come gestirli.<\/p>\r\n<h4>Definizioni<\/h4>\r\n<p>I cookie sono brevi frammenti di testo (lettere e\/o numeri) che permettono al server web di memorizzare sul client (il browser) informazioni da riutilizzare nel corso della medesima visita al sito (cookie di sessione) o in seguito, anche a distanza di giorni (cookie persistenti). I cookie vengono memorizzati, in base alle preferenze dell\u2019utente, dal singolo browser sullo specifico dispositivo utilizzato (computer, tablet, smartphone).<\/p>\r\n<p>Tecnologie similari, come, ad esempio, web beacon, GIF trasparenti e tutte le forme di storage locale introdotte con HTML5, sono utilizzabili per raccogliere informazioni sul comportamento dell\u2019utente e sull\u2019utilizzo dei servizi.<\/p>\r\n<p>Nel seguito di questo documento faremo riferimento ai cookie e a tutte le tecnologie similari utilizzando semplicemente il termine \u201ccookie\u201d.<\/p>\r\n<h4>Tipologie di cookie<\/h4>\r\n<p>In base alle caratteristiche e all\u2019utilizzo dei cookie possiamo distinguere diverse categorie:<\/p>\r\n<p>Cookie strettamente necessari. Si tratta di cookie indispensabili per il corretto funzionamento dei siti e sono utilizzati per gestire il login e l\u2019accesso alle funzioni riservate del sito. La durata dei cookie pu\u00f2 essere anche di 30 giorni, volti a riconoscere, per tale limitato periodo, il computer del visitatore \u2013 attraverso un codice alfa-numerico generato alla prima sessione di accesso \u2013 in modo da riproporgli il risultato del test effettuato dall\u2019utente. La parte pubblica del sito resta normalmente utilizzabile.<br \/>Cookie di analisi e prestazioni. Sono cookie utilizzati per raccogliere e analizzare il traffico e l\u2019utilizzo del sito in modo anonimo. Questi cookie, pur senza identificare l\u2019utente, consentono, per esempio, di rilevare se il medesimo utente torna a collegarsi in momenti diversi. Permettono inoltre di monitorare il sistema e migliorarne le prestazioni e l\u2019usabilit\u00e0. La disattivazione di tali cookie pu\u00f2 essere eseguita senza alcuna perdita di funzionalit\u00e0.<br \/>Cookie di profilazione. Si tratta di cookie permanenti utilizzati per identificare (in modo anonimo e non) le preferenze dell\u2019utente e migliorare la sua esperienza di navigazione. Questo sito non utilizza cookie di questo tipo.<br \/>Cookie di terze parti. Visitando un sito web si possono ricevere cookie sia dal sito visitato (\u201cproprietari\u201d), sia da siti gestiti da altre organizzazioni (\u201cterze parti\u201d). Un esempio notevole \u00e8 rappresentato dalla presenza dei \u201csocial plugin\u201d per Facebook, Twitter, Google+ e LinkedIn. Si tratta di parti della pagina visitata generate direttamente dai suddetti siti ed integrati nella pagina del sito ospitante. L\u2019utilizzo pi\u00f9 comune dei social plugin \u00e8 finalizzato alla condivisione dei contenuti sui social network.<\/p>\r\n<p>La presenza di questi plugin comporta la trasmissione di cookie da e verso tutti i siti gestiti da terze parti. La gestione delle informazioni raccolte da \u201cterze parti\u201d \u00e8 \u00a0disciplinata dalle relative informative cui si prega di fare riferimento. Per garantire una maggiore trasparenza e comodit\u00e0, si riportano qui di seguito \u00a0gli indirizzi web delle diverse informative e delle modalit\u00e0 per la gestione dei cookie.<\/p>\r\n<p>Facebook informativa: https:\/\/www.facebook.com\/help\/cookies\/<br \/>Facebook (configurazione): accedere al proprio account. Sezione privacy.<br \/>Twitter informative: https:\/\/support.twitter.com\/articles\/20170514<br \/>Twitter (configurazione): https:\/\/twitter.com\/settings\/security<br \/>Linkedin informativa: https:\/\/www.linkedin.com\/legal\/cookie-policy<br \/>Linkedin (configurazione): https:\/\/www.linkedin.com\/settings\/<br \/>Google+ informativa: http:\/\/www.google.it\/intl\/it\/policies\/technologies\/cookies\/<br \/>Google+ (configurazione): http:\/\/www.google.it\/intl\/it\/policies\/technologies\/managing\/<\/p>\r\n<h4>Google Analytics<\/h4>\r\n<p>Il sito include anche talune componenti trasmesse da Google Analytics, un servizio di analisi del traffico web fornito da Google, Inc. (\u201cGoogle\u201d). Anche in questo caso si tratta di cookie di terze parti raccolti e gestiti in modo anonimo per monitorare e migliorare le prestazioni del sito ospite (performance cookie).<\/p>\r\n<p>Google Analytics utilizza i \u201ccookie\u201d \u00a0per raccogliere e analizzare in forma anonima le informazioni sui comportamenti di utilizzo del sito (compreso l\u2019indirizzo IP dell\u2019utente). Tali informazioni vengono raccolte da Google Analytics, che le elabora allo scopo di redigere report per gli operatori di questo sito riguardanti le attivit\u00e0 sui siti web stessi. Questo sito non utilizza (e non consente a terzi di utilizzare) lo strumento di analisi di Google per monitorare o per raccogliere informazioni personali di identificazione. Google non associa l\u2019indirizzo IP a nessun altro dato posseduto da Google n\u00e9 cerca di collegare un indirizzo IP con l\u2019identit\u00e0 di un utente. Google pu\u00f2 anche comunicare queste informazioni a terzi ove ci\u00f2 sia imposto dalla legge o laddove tali terzi trattino le suddette informazioni per conto di Google.<\/p>\r\n<p>Per ulteriori informazioni, si rinvia al link di seguito indicato:<br \/>https:\/\/www.google.it\/policies\/privacy\/partners\/<\/p>\r\n<p>L\u2019utente pu\u00f2 disabilitare in modo selettivo l\u2019azione di Google Analytics installando sul proprio browser la componente di opt-out fornito da Google. Per disabilitare l\u2019azione di Google Analytics, si rinvia al link di seguito indicato:<\/p>\r\n<p>https:\/\/tools.google.com\/dlpage\/gaoptout<\/p>\r\n<h4>Durata dei cookie<\/h4>\r\n<p>Alcuni cookie (cookie di sessione) restano attivi solo fino alla chiusura del browser o all\u2019esecuzione del comando di logout. Altri cookie \u201csopravvivono\u201d alla chiusura del browser e sono disponibili anche in successive visite dell\u2019utente.<\/p>\r\n<p>Questi cookie sono detti persistenti e la loro durata \u00e8 fissata dal server al momento della loro creazione. In alcuni casi \u00e8 fissata una scadenza, in altri casi la durata \u00e8 illimitata.<\/p>\r\n<h4>Gestione dei cookie<\/h4>\r\n<p>L\u2019utente pu\u00f2 decidere se accettare o meno i cookie utilizzando le impostazioni del proprio browser.<\/p>\r\n<p>Attenzione: la disabilitazione totale o parziale dei cookie tecnici pu\u00f2 compromettere l\u2019utilizzo delle funzionalit\u00e0 del sito riservate agli utenti registrati. Al contrario, la fruibilit\u00e0 dei contenuti pubblici \u00e8 possibile anche disabilitando completamente i cookie.<\/p>\r\n<p>La disabilitazione dei cookie \u201cterze parti\u201d non pregiudica in alcun modo la navigabilit\u00e0.<\/p>\r\n<p>L\u2019impostazione pu\u00f2 essere definita in modo specifico per i diversi siti e applicazioni web. Inoltre i migliori browser consentono di definire impostazioni diverse per i cookie \u201cproprietari\u201d e per quelli di \u201cterze parti\u201d.<\/p>\r\n<p>A titolo di esempio, in Firefox, attraverso il menu Strumenti-&gt;Opzioni -&gt;Privacy, \u00e8 possibile accedere ad un pannello di controllo dove \u00e8 possibile definire se accettare o meno i diversi tipi di cookie e procedere alla loro rimozione.<\/p>\r\n<p>Chrome: https:\/\/support.google.com\/chrome\/answer\/95647?hl=it<br \/>Firefox: https:\/\/support.mozilla.org\/it\/kb\/Gestione%20dei%20cookie<br \/>Internet Explorer: http:\/\/windows.microsoft.com\/it-it\/windows7\/how-to-manage-cookies-in-internet-explorer-9<br \/>Opera: http:\/\/help.opera.com\/Windows\/10.00\/it\/cookies.html<br \/>Safari: http:\/\/support.apple.com\/kb\/HT1677?viewlocale=it_IT<\/p>\r\n\r\n\r\n","protected":false},"excerpt":{"rendered":"<p>Informativa sulla privacy\u00a0aggiornata al Reg UE 2016\/679 Informativa sul trattamento dei dati personali ai sensi dell\u2019art. 13 \/15 del Reg.<\/p>\n","protected":false},"author":2,"featured_media":0,"parent":0,"menu_order":0,"comment_status":"closed","ping_status":"open","template":"","meta":{"footnotes":""},"class_list":["post-5888","page","type-page","status-publish","hentry"],"_links":{"self":[{"href":"https:\/\/www.laposturale.com\/en\/wp-json\/wp\/v2\/pages\/5888","targetHints":{"allow":["GET"]}}],"collection":[{"href":"https:\/\/www.laposturale.com\/en\/wp-json\/wp\/v2\/pages"}],"about":[{"href":"https:\/\/www.laposturale.com\/en\/wp-json\/wp\/v2\/types\/page"}],"author":[{"embeddable":true,"href":"https:\/\/www.laposturale.com\/en\/wp-json\/wp\/v2\/users\/2"}],"replies":[{"embeddable":true,"href":"https:\/\/www.laposturale.com\/en\/wp-json\/wp\/v2\/comments?post=5888"}],"version-history":[{"count":1,"href":"https:\/\/www.laposturale.com\/en\/wp-json\/wp\/v2\/pages\/5888\/revisions"}],"predecessor-version":[{"id":10416,"href":"https:\/\/www.laposturale.com\/en\/wp-json\/wp\/v2\/pages\/5888\/revisions\/10416"}],"wp:attachment":[{"href":"https:\/\/www.laposturale.com\/en\/wp-json\/wp\/v2\/media?parent=5888"}],"curies":[{"name":"wp","href":"https:\/\/api.w.org\/{rel}","templated":true}]}}