{"id":10774,"date":"2019-04-11T17:06:11","date_gmt":"2021-06-29T15:06:15","guid":{"rendered":"https:\/\/www.laposturale.com\/?post_type=product&#038;p=10774"},"modified":"2024-04-22T19:13:12","modified_gmt":"2024-04-22T17:13:12","slug":"haltungsbank-aus-holz-standard-am-boden-inter-juve-milan","status":"publish","type":"product","link":"https:\/\/www.laposturale.com\/de\/produkt\/haltungsbank-aus-holz-standard-am-boden-inter-juve-milan\/","title":{"rendered":"Haltungsbank aus Holz Standard am Boden INTER JUVE MILAN"},"content":{"rendered":"<div class=\"page\" title=\"Page 2\">\n<div class=\"section\">\n<div class=\"layoutArea\">\n<div class=\"column\">\n<h3>Standard-Haltungsbank aus Holz mit den Farben Ihrer Lieblingsfu\u00dfballmannschaft. Die Haltungsbank wird\u00a0<strong>mit einem Halskissen und einem Feststellband f\u00fcr die Beinen geliefert.<\/strong><\/h3>\n<p>Sie k\u00f6nnen die Haltungsbank in den <strong>Farben Ihrer Lieblingsmannschaft kaufen<\/strong>.Es ist auch m\u00f6glich, <strong>die Bank mit Ihrem Logo oder Ihren Bildern individuell zu gestalten<\/strong>. Kontaktieren Sie uns \u00fcber Whatsapp oder per E-Mail.<\/p>\n<h3>HALTUNGSBANK AUS HOLZ STANDARD AM BODEN, MIT KISSEN UND FIXIERBAND F\u00dcR DIE BEINE INBEGRIFFEN.<\/h3>\n<p>Die <strong>HALTUNGSBANK<\/strong> balanciert Ihre K\u00f6rperhaltung in kurzer Zeit leicht aus.<br \/>\nSie stellt Wohlbefinden und Freiheit f\u00fcr den ganzen K\u00f6rper wieder her.<\/p>\n<h4>DEKOMPENSIERTE GLOBALE MUSKELVERL\u00c4NGERUNG<\/h4>\n<p>Die Haltungsbank verbessert die Haltung und die k\u00f6rperliche Verfassung, da sie auf Muskelsteifheit und -spannung einwirkt.<br \/>\nEs kann indirekt bei folgenden <span style=\"font-weight: 400;\">Krankheitsbildern<\/span> wirken: Atemstillstand, ven\u00f6se und lymphatische Stase, Muskelhypotonie, allgemeinen Schmerzen, Kopfschmerzen, H\u00fcftarthrose, Zervikalarthrose, Lendenarthrose, Kniearthrose, <span style=\"font-weight: 400;\">Halswirbels\u00e4ule<\/span>, Bandscheibenvorfall, Hiatushernie, R\u00fcckenschmerzen, lumbale Ischiasschmerzen, etc.<\/p>\n<p>Es funktioniert, weil es durch asymmetrische und globale Arbeit die verspannten oder eingezogenen Muskeln verl\u00e4ngert. Jedes Mal, wenn man sie benutzt, nimmt der K\u00f6rper sofort eine korrektere Position und Haltung ein.<br \/>\nEs ist n\u00fctzlich f\u00fcr Personen, die unter Kreislaufproblemen leiden; f\u00fcr diejenigen, die ihre Atmung verbessern wollen; f\u00fcr Jugendliche, um falsche Haltungen von Schulb\u00e4nken und das Gewicht von Rucks\u00e4cken zu korrigieren; f\u00fcr Profisportler oder Sonntagssportler, um das Gleichgewicht nach der Aktivit\u00e4t wiederherzustellen.<br \/>\nMit der richtigen K\u00f6rperanpassung k\u00f6nnen Sie die Performance verbessern und die Verletzungen reduzieren. Durch die Reduzierung von Muskelverspannungen und Schmerzen f\u00fchlen Sie mehr Harmonie, Wohlbefinden und mehr Lust, sich zu bewegen und dem Leben besser zu begegnen. Die Haltungsbank eignet sich auch hervorragend zur Anti-Stress-Entspannung.<br \/>\n<strong>ES GIBT KEINE ALTERSGRENZEN ODER GEGENANZEIGEN F\u00dcR DEN GEBRAUCH<\/strong><br \/>\n<strong>ES WIRD EMPFOHLEN, SICH DURCH EINEM PERSONAL TRAINER EINWEISEN ZU LASSEN<\/strong><br \/>\nDie Haltungsbank wird mit einem Halskissen und einem Fixierband f\u00fcr die Beine geliefert. In verschiedenen Farben erh\u00e4ltlich.<\/p>\n<\/div>\n<p><img loading=\"lazy\" decoding=\"async\" class=\"alignnone wp-image-10583 size-thumbnail\" src=\"https:\/\/www.laposturale.com\/wp-content\/uploads\/2021\/04\/panca-brevettata-patended-150x150.png\" alt=\"\" width=\"150\" height=\"150\" srcset=\"https:\/\/www.laposturale.com\/wp-content\/uploads\/2021\/04\/panca-brevettata-patended-150x150.png 150w, https:\/\/www.laposturale.com\/wp-content\/uploads\/2021\/04\/panca-brevettata-patended.png 300w, https:\/\/www.laposturale.com\/wp-content\/uploads\/2021\/04\/panca-brevettata-patended-100x100.png 100w\" sizes=\"auto, (max-width: 150px) 100vw, 150px\" \/><\/p>\n<\/div>\n<\/div>\n<\/div>\n","protected":false},"excerpt":{"rendered":"<p><strong>Neue Haltungsbank INTER, JUVENTUS, MILAN.<\/strong><br \/>\n<strong>Sie k\u00f6nnen Ihre HALTUNGSBANK auch mit den Farben Ihres Lieblingsteams, Ihrem Logo oder Ihren Bildern individuell gestalten.<\/strong> Kontaktieren Sie uns per Whatsapp oder E-Mail. Wir werden Ihre W\u00fcnsche gerne erf\u00fcllen.<br \/>\nDie Postural Bench wird mit einem Halskissen und einem Feststellband f\u00fcr die Beinen geliefert.<\/p>\n","protected":false},"featured_media":10741,"comment_status":"open","ping_status":"closed","template":"","meta":[],"product_brand":[],"product_cat":[223],"product_tag":[229],"class_list":{"0":"post-10774","1":"product","2":"type-product","3":"status-publish","4":"has-post-thumbnail","6":"product_cat-haltungsbank","7":"product_tag-haltungsbank-de","9":"first","10":"instock","11":"purchasable","12":"product-type-variable"},"_links":{"self":[{"href":"https:\/\/www.laposturale.com\/de\/wp-json\/wp\/v2\/product\/10774","targetHints":{"allow":["GET"]}}],"collection":[{"href":"https:\/\/www.laposturale.com\/de\/wp-json\/wp\/v2\/product"}],"about":[{"href":"https:\/\/www.laposturale.com\/de\/wp-json\/wp\/v2\/types\/product"}],"replies":[{"embeddable":true,"href":"https:\/\/www.laposturale.com\/de\/wp-json\/wp\/v2\/comments?post=10774"}],"version-history":[{"count":2,"href":"https:\/\/www.laposturale.com\/de\/wp-json\/wp\/v2\/product\/10774\/revisions"}],"predecessor-version":[{"id":17014,"href":"https:\/\/www.laposturale.com\/de\/wp-json\/wp\/v2\/product\/10774\/revisions\/17014"}],"wp:featuredmedia":[{"embeddable":true,"href":"https:\/\/www.laposturale.com\/de\/wp-json\/wp\/v2\/media\/10741"}],"wp:attachment":[{"href":"https:\/\/www.laposturale.com\/de\/wp-json\/wp\/v2\/media?parent=10774"}],"wp:term":[{"taxonomy":"product_brand","embeddable":true,"href":"https:\/\/www.laposturale.com\/de\/wp-json\/wp\/v2\/product_brand?post=10774"},{"taxonomy":"product_cat","embeddable":true,"href":"https:\/\/www.laposturale.com\/de\/wp-json\/wp\/v2\/product_cat?post=10774"},{"taxonomy":"product_tag","embeddable":true,"href":"https:\/\/www.laposturale.com\/de\/wp-json\/wp\/v2\/product_tag?post=10774"}],"curies":[{"name":"wp","href":"https:\/\/api.w.org\/{rel}","templated":true}]}}